{"id":403,"date":"2026-04-16T11:53:28","date_gmt":"2026-04-16T11:53:28","guid":{"rendered":"https:\/\/miruart.info\/?page_id=403"},"modified":"2026-04-16T11:53:28","modified_gmt":"2026-04-16T11:53:28","slug":"work-detail-lovecat","status":"publish","type":"page","link":"https:\/\/miruart.info\/de\/work-detail-lovecat\/","title":{"rendered":"WERKSEITE - Liebeskatze"},"content":{"rendered":"<figure class=\"wp-block-image alignwide size-large\"><img loading=\"lazy\" decoding=\"async\" width=\"680\" height=\"1024\" src=\"https:\/\/miruart.info\/wp-content\/uploads\/2026\/04\/Singapura-15-2026-cut-680x1024.jpeg\" alt=\"\" class=\"wp-image-406\" srcset=\"https:\/\/miruart.info\/wp-content\/uploads\/2026\/04\/Singapura-15-2026-cut-680x1024.jpeg 680w, https:\/\/miruart.info\/wp-content\/uploads\/2026\/04\/Singapura-15-2026-cut-199x300.jpeg 199w, https:\/\/miruart.info\/wp-content\/uploads\/2026\/04\/Singapura-15-2026-cut-768x1157.jpeg 768w, https:\/\/miruart.info\/wp-content\/uploads\/2026\/04\/Singapura-15-2026-cut-1020x1536.jpeg 1020w, https:\/\/miruart.info\/wp-content\/uploads\/2026\/04\/Singapura-15-2026-cut-1360x2048.jpeg 1360w, https:\/\/miruart.info\/wp-content\/uploads\/2026\/04\/Singapura-15-2026-cut-8x12.jpeg 8w, https:\/\/miruart.info\/wp-content\/uploads\/2026\/04\/Singapura-15-2026-cut-scaled.jpeg 1700w\" sizes=\"auto, (max-width: 680px) 100vw, 680px\" \/><\/figure>\n\n\n\n<p><sub>Dieses Werk ist Teil eines fortlaufenden Zyklus, der sich mit den ambivalenten Zust\u00e4nden der heutigen Existenz besch\u00e4ftigt.<\/sub><\/p>\n\n\n\n<p><strong>Titel<\/strong> <em>Liebeskatze<\/em><\/p>\n\n\n\n<p class=\" translation-block\"><strong>Technik:<\/strong> Acryl auf Leinwand<\/p>\n\n\n\n<p><strong>Jahr: <\/strong>2026<\/p>\n\n\n\n<p class=\" translation-block\"><strong>Format:<\/strong> Hochformat (24 \u00d7 36 Zoll)<\/p>\n\n\n\n<p><strong>Farbraum:<\/strong> Das Bild entfaltet sich in einer Palette aus warmem Ocker, tiefem Schwarz, ged\u00e4mpftem Blau und leuchtendem Orange, organisiert in klaren geometrischen Farbfl\u00e4chen.<\/p>\n\n\n\n<p><strong>Stilistische Einordnung:<\/strong> Moderne geometrische Abstraktion mit kubistischen Ankl\u00e4ngen.<\/p>\n\n\n\n<p><\/p>\n\n\n\n<p class=\" translation-block\"><strong>\u201eLiebeskatze\u201c <\/strong>zeigt die Katze als symbolische Figur der Ambivalenz. Z\u00e4rtlichkeit und Raubtierexistenz \u00fcberlagern sich und bilden eine untrennbare Einheit, die auf die widerspr\u00fcchliche Natur von Liebe verweist.<\/p>\n\n\n\n<p><strong>Schmusetier<\/strong><br>In einer affirmativen Lesart betonen die elegante Silhouette und die flie\u00dfenden Linien Anmut, Ruhe und nat\u00fcrliche Vitalit\u00e4t. Hauskatze und Tiger verschmelzen zu einer harmonischen Figur, in der Z\u00e4rtlichkeit und St\u00e4rke derselben Natur angeh\u00f6ren.<\/p>\n\n\n\n<p><strong>Raubtier<\/strong><br>Gleichzeitig erzeugt das ge\u00f6ffnete Maul des Tigers eine Spannung. Unter der ruhigen Oberfl\u00e4che bleibt die M\u00f6glichkeit pl\u00f6tzlicher Instinkthaftigkeit und Aggression bestehen.<\/p>\n\n\n\n<p><strong>Konklusion<\/strong><br>Das Bild zeigt, dass Gegens\u00e4tze sich nicht aufheben, sondern gleichzeitig bestehen. Die Katze verk\u00f6rpert die Gleichzeitigkeit von Sanftheit und Raubtierexistenz und folgt damit dem Prinzip der <em>Integrit\u00e4t von Ambivalenz<\/em>.<\/p>\n\n\n\n<p><a href=\"https:\/\/miruart.info\/galerie\">Zur\u00fcck zur Galerie<\/a><\/p>\n\n\n\n<p><\/p>","protected":false},"excerpt":{"rendered":"<p>This work is part of an ongoing cycle exploring ambivalent states of contemporary existence. Title: Lovecat Medium: Acrylic on canvas Year: 2026 Format: Portrait format (24 \u00d7 36 inches) Colour Space: The image unfolds within a palette of warm ochre, deep black, muted blue, and glowing orange, arranged in clear geometric color planes. Stylistic Classification: [&hellip;]<\/p>\n","protected":false},"author":1,"featured_media":0,"parent":0,"menu_order":0,"comment_status":"closed","ping_status":"closed","template":"page-with-title","meta":{"footnotes":""},"class_list":["post-403","page","type-page","status-publish","hentry"],"aioseo_notices":[],"_links":{"self":[{"href":"https:\/\/miruart.info\/de\/wp-json\/wp\/v2\/pages\/403","targetHints":{"allow":["GET"]}}],"collection":[{"href":"https:\/\/miruart.info\/de\/wp-json\/wp\/v2\/pages"}],"about":[{"href":"https:\/\/miruart.info\/de\/wp-json\/wp\/v2\/types\/page"}],"author":[{"embeddable":true,"href":"https:\/\/miruart.info\/de\/wp-json\/wp\/v2\/users\/1"}],"replies":[{"embeddable":true,"href":"https:\/\/miruart.info\/de\/wp-json\/wp\/v2\/comments?post=403"}],"version-history":[{"count":3,"href":"https:\/\/miruart.info\/de\/wp-json\/wp\/v2\/pages\/403\/revisions"}],"predecessor-version":[{"id":407,"href":"https:\/\/miruart.info\/de\/wp-json\/wp\/v2\/pages\/403\/revisions\/407"}],"wp:attachment":[{"href":"https:\/\/miruart.info\/de\/wp-json\/wp\/v2\/media?parent=403"}],"curies":[{"name":"wp","href":"https:\/\/api.w.org\/{rel}","templated":true}]}}