{"id":389,"date":"2026-03-30T11:32:17","date_gmt":"2026-03-30T11:32:17","guid":{"rendered":"https:\/\/miruart.info\/?page_id=389"},"modified":"2026-03-30T11:32:17","modified_gmt":"2026-03-30T11:32:17","slug":"work-detail-nature-space","status":"publish","type":"page","link":"https:\/\/miruart.info\/de\/work-detail-nature-space\/","title":{"rendered":"WERKSEITE - Naturraum"},"content":{"rendered":"<figure class=\"wp-block-image alignwide size-large\"><img loading=\"lazy\" decoding=\"async\" width=\"819\" height=\"1024\" src=\"https:\/\/miruart.info\/wp-content\/uploads\/2026\/03\/Singapura-14-2026-cut-819x1024.jpeg\" alt=\"\" class=\"wp-image-392\" srcset=\"https:\/\/miruart.info\/wp-content\/uploads\/2026\/03\/Singapura-14-2026-cut-819x1024.jpeg 819w, https:\/\/miruart.info\/wp-content\/uploads\/2026\/03\/Singapura-14-2026-cut-240x300.jpeg 240w, https:\/\/miruart.info\/wp-content\/uploads\/2026\/03\/Singapura-14-2026-cut-768x960.jpeg 768w, https:\/\/miruart.info\/wp-content\/uploads\/2026\/03\/Singapura-14-2026-cut-1229x1536.jpeg 1229w, https:\/\/miruart.info\/wp-content\/uploads\/2026\/03\/Singapura-14-2026-cut-1638x2048.jpeg 1638w, https:\/\/miruart.info\/wp-content\/uploads\/2026\/03\/Singapura-14-2026-cut-10x12.jpeg 10w, https:\/\/miruart.info\/wp-content\/uploads\/2026\/03\/Singapura-14-2026-cut-scaled.jpeg 2048w\" sizes=\"auto, (max-width: 819px) 100vw, 819px\" \/><\/figure>\n\n\n\n<p><sub>Dieses Werk ist Teil eines fortlaufenden Zyklus, der sich mit den ambivalenten Zust\u00e4nden der heutigen Existenz besch\u00e4ftigt.<\/sub><\/p>\n\n\n\n<p><strong>Titel<\/strong> Naturraum<\/p>\n\n\n\n<p class=\" translation-block\"><strong>Technik:<\/strong> Acryl auf Leinwand<\/p>\n\n\n\n<p><strong>Jahr: <\/strong>2026<\/p>\n\n\n\n<p><strong>Format:<\/strong> Hochformat (24 x 30 Zoll)<\/p>\n\n\n\n<p><strong>Farbraum:<\/strong> Klar getrennte Farbfl\u00e4chen: links k\u00fchle Gr\u00fcn- und Schwarzt\u00f6ne, rechts Erdt\u00f6ne mit warmen Rot-, Orange- und Violettbereichen.<\/p>\n\n\n\n<p><strong>Stilistische Einordnung:<\/strong> Geometrische Abstraktion mit konstruktivistischer Strenge, erg\u00e4nzt durch ein zentrales haptisch-organisches Element.<\/p>\n\n\n\n<p><\/p>\n\n\n\n<p class=\" translation-block\"><strong>\u201eNaturraum\u201d<\/strong> zeigt eine streng geometrische Komposition, geteilt durch eine schwarze Mittellinie in Natur- und Menschenraum. Organische, gr\u00fcne Formen stehen konstruierten, kantigen Strukturen gegen\u00fcber. Ein zentrales Rundelement verbindet beide Sph\u00e4ren.<\/p>\n\n\n\n<p><strong>Naturraum<\/strong><br>Positiv interpretiert spiegelt das Bild eine zeitgen\u00f6ssische Haltung gegen\u00fcber der Natur wider \u2013 die besonders in dicht bebauten st\u00e4dtischen Umgebungen sichtbar wird \u2013, die sich zwischen wachsender Wertsch\u00e4tzung und aktiver Integration bewegt. Die Natur erscheint als ein tragendes System, das Leben erm\u00f6glicht. Das zentrale Element \u00e4hnelt einem Nest, einem Ort der Herkunft, der Nahrung und der Geborgenheit.<\/p>\n\n\n\n<p><strong>Kunstraum<\/strong><br>Gleichzeitig geht diese Integration in eine Form der Kontrolle \u00fcber. Die Natur wird geplant, reguliert und funktionalisiert. Die Trennlinie und die konstruierten Formen legen die Bedingungen fest, unter denen die Natur existieren darf. Alles, was Unannehmlichkeiten verursacht, wird verbannt.<\/p>\n\n\n\n<p><strong>Konklusion<\/strong><br>\u201eNaturraum\u201c bewegt sich zwischen Wertsch\u00e4tzung und Kontrolle und stellt den Menschen sowohl als Teil der Natur dar \u2013 als auch als Akteur, der sie gestaltet und begrenzt, was charakteristisch ist f\u00fcr die <em>Integrit\u00e4t von Ambivalenz<\/em>.<\/p>\n\n\n\n<p><a href=\"https:\/\/miruart.info\/galerie\">Zur\u00fcck zur Galerie<\/a><\/p>\n\n\n\n<p><\/p>","protected":false},"excerpt":{"rendered":"<p>This work is part of an ongoing cycle exploring ambivalent states of contemporary existence. Title: Nature Space Medium: Acrylic on canvas Year: 2026 Format: Portrait format (24 \u00d7 30 inches) Colour Space: Clearly defined colour fields: cool shades of green and black on the left, earth tones with warm reds, oranges and purples on the [&hellip;]<\/p>\n","protected":false},"author":1,"featured_media":0,"parent":0,"menu_order":0,"comment_status":"closed","ping_status":"closed","template":"page-with-title","meta":{"footnotes":""},"class_list":["post-389","page","type-page","status-publish","hentry"],"aioseo_notices":[],"_links":{"self":[{"href":"https:\/\/miruart.info\/de\/wp-json\/wp\/v2\/pages\/389","targetHints":{"allow":["GET"]}}],"collection":[{"href":"https:\/\/miruart.info\/de\/wp-json\/wp\/v2\/pages"}],"about":[{"href":"https:\/\/miruart.info\/de\/wp-json\/wp\/v2\/types\/page"}],"author":[{"embeddable":true,"href":"https:\/\/miruart.info\/de\/wp-json\/wp\/v2\/users\/1"}],"replies":[{"embeddable":true,"href":"https:\/\/miruart.info\/de\/wp-json\/wp\/v2\/comments?post=389"}],"version-history":[{"count":2,"href":"https:\/\/miruart.info\/de\/wp-json\/wp\/v2\/pages\/389\/revisions"}],"predecessor-version":[{"id":393,"href":"https:\/\/miruart.info\/de\/wp-json\/wp\/v2\/pages\/389\/revisions\/393"}],"wp:attachment":[{"href":"https:\/\/miruart.info\/de\/wp-json\/wp\/v2\/media?parent=389"}],"curies":[{"name":"wp","href":"https:\/\/api.w.org\/{rel}","templated":true}]}}