{"id":28,"date":"2025-12-22T12:41:47","date_gmt":"2025-12-22T12:41:47","guid":{"rendered":"https:\/\/miruart.info\/galerie\/"},"modified":"2026-04-26T06:16:53","modified_gmt":"2026-04-26T06:16:53","slug":"galerie","status":"publish","type":"page","link":"https:\/\/miruart.info\/de\/galerie\/","title":{"rendered":"Galerie"},"content":{"rendered":"<div class=\"wp-block-group alignfull is-style-ext-preset--group--natural-1--section has-background-background-color has-background has-global-padding is-layout-constrained wp-container-core-group-is-layout-f72f1611 wp-block-group-is-layout-constrained is-style-ext-preset--group--natural-1--section--1\" id=\"galerie\" style=\"margin-top:0;margin-bottom:0;padding-top:var(--wp--preset--spacing--70);padding-bottom:var(--wp--preset--spacing--70)\">\n<div class=\"wp-block-group alignwide is-vertical is-layout-flex wp-container-core-group-is-layout-c35747d5 wp-block-group-is-layout-flex\">\n<div class=\"wp-block-group has-global-padding is-layout-constrained wp-container-core-group-is-layout-5e05634a wp-block-group-is-layout-constrained\">\n<h1 class=\"wp-block-heading\">Eine digitale Pr\u00e4sentation k\u00fcnstlerischer Vielfalt<\/h1>\n\n\n\n<p class=\"has-text-align-left\"><\/p>\n<\/div>\n<\/div>\n\n\n\n<div class=\"wp-block-group alignfull is-style-ext-preset--group--natural-1--section has-background-background-color has-background has-global-padding is-layout-constrained wp-container-core-group-is-layout-e955bbaf wp-block-group-is-layout-constrained is-style-ext-preset--group--natural-1--section--2\" style=\"margin-top:0;margin-bottom:0;padding-top:var(--wp--preset--spacing--70);padding-bottom:var(--wp--preset--spacing--70)\">\n<div class=\"wp-block-group alignwide is-vertical is-content-justification-center is-layout-flex wp-container-core-group-is-layout-c9ee0c5a wp-block-group-is-layout-flex\">\n<div class=\"wp-block-group has-global-padding is-layout-constrained wp-container-core-group-is-layout-5e05634a wp-block-group-is-layout-constrained\">\n<h2 class=\"wp-block-heading has-text-align-center\">Entdecken Sie einzigartige Kunstwerke, die dem Prinzip der Integrit\u00e4t von Ambivalenz Gestalt verleihen.  <\/h2>\n\n\n\n<p class=\"has-text-align-center\"><\/p>\n\n\n\n<p class=\"has-text-align-center translation-block\"><strong>Integrit\u00e4t von Ambivalenz<\/strong> geh\u00f6rt zu den noch wenig reflektierten Kernthemen unserer Zeit. Sie beschreibt die Frage, wie Menschen bewusst und verantwortungsvoll mit den widerspr\u00fcchlichen, teils paradoxen Aspekten ihrer Existenz umgehen k\u00f6nnen.<\/p>\n\n\n\n<p class=\"has-text-align-center\">Dieser Bereich vermittelt die Faszination und den k\u00fcnstlerischen Anspruch von M\u00edru's Arbeiten. Die Werke sind als zusammenh\u00e4ngendes \u0152uvre konzipiert: Jedes Bild steht f\u00fcr sich und ist zugleich Teil eines \u00fcbergeordneten gedanklichen Rahmens, der sich mit Bewusstsein, Wahrnehmung und Beziehung auseinandersetzt.<\/p>\n<\/div>\n<\/div>\n\n\n\n<div class=\"wp-block-columns alignwide is-layout-flex wp-container-core-columns-is-layout-08c01c1c wp-block-columns-is-layout-flex\">\n<div class=\"wp-block-column is-vertically-aligned-stretch is-layout-flow wp-container-core-column-is-layout-f5bb311e wp-block-column-is-layout-flow\">\n<div class=\"wp-block-group is-style-ext-preset--group--natural-1--item-card-1--align-center has-global-padding is-layout-constrained wp-block-group-is-layout-constrained is-style-ext-preset--group--natural-1--item-card-1--align-center--3\">\n<figure class=\"wp-block-image alignwide size-large ext-aspect-landscape\"><img loading=\"lazy\" decoding=\"async\" width=\"1024\" height=\"572\" src=\"https:\/\/miruart.info\/wp-content\/uploads\/2026\/04\/Miru-Sidegallery-1024x572.jpg\" alt=\"\" class=\"wp-image-415\" srcset=\"https:\/\/miruart.info\/wp-content\/uploads\/2026\/04\/Miru-Sidegallery-1024x572.jpg 1024w, https:\/\/miruart.info\/wp-content\/uploads\/2026\/04\/Miru-Sidegallery-300x167.jpg 300w, https:\/\/miruart.info\/wp-content\/uploads\/2026\/04\/Miru-Sidegallery-768x429.jpg 768w, https:\/\/miruart.info\/wp-content\/uploads\/2026\/04\/Miru-Sidegallery-1536x857.jpg 1536w, https:\/\/miruart.info\/wp-content\/uploads\/2026\/04\/Miru-Sidegallery-2048x1143.jpg 2048w, https:\/\/miruart.info\/wp-content\/uploads\/2026\/04\/Miru-Sidegallery-18x10.jpg 18w\" sizes=\"auto, (max-width: 1024px) 100vw, 1024px\" \/><\/figure>\n\n\n\n<div class=\"wp-block-group is-style-default has-global-padding is-layout-constrained wp-block-group-is-layout-constrained\">\n<h3 class=\"wp-block-heading\">Interaktive Nutzerfunktion<\/h3>\n\n\n\n<p class=\"has-text-align-center\">Die nachfolgende Galerie bietet einen \u00dcberblick ausgew\u00e4hlter Werke und erm\u00f6glicht es Besucherinnen und Besuchern, die Arbeiten in Ruhe n\u00e4her zu betrachten. Jedes Bild kann einzeln ge\u00f6ffnet werden und erschlie\u00dft weiterf\u00fchrende Informationen zu Inspiration, Kontext und Bedeutung.<\/p>\n<\/div>\n<\/div>\n<\/div>\n<\/div>\n\n\n\n<div class=\"wp-block-buttons is-content-justification-center is-layout-flex wp-container-core-buttons-is-layout-a89b3969 wp-block-buttons-is-layout-flex\">\n<div class=\"wp-block-button is-style-ext-preset--button--natural-1--button-1 is-style-ext-preset--button--natural-1--button-1--4\"><a class=\"wp-block-button__link wp-element-button\" href=\"https:\/\/miruart.info\/concept\">Entdecken Sie mehr \u00fcber Integrit\u00e4t von Ambivalenz<\/a><\/div>\n<\/div>\n<\/div>\n\n\n\n<h2 class=\"wp-block-heading alignwide has-text-align-center\">Galerie-\u00dcberblick<\/h2>\n\n\n\n<div class=\"wp-block-cover\"><img loading=\"lazy\" decoding=\"async\" width=\"1024\" height=\"1024\" class=\"wp-block-cover__image-background wp-image-68\" alt=\"\" src=\"https:\/\/miruart.info\/wp-content\/uploads\/2025\/12\/Logo-1-1.png\" data-object-fit=\"cover\" srcset=\"https:\/\/miruart.info\/wp-content\/uploads\/2025\/12\/Logo-1-1.png 1024w, https:\/\/miruart.info\/wp-content\/uploads\/2025\/12\/Logo-1-1-300x300.png 300w, https:\/\/miruart.info\/wp-content\/uploads\/2025\/12\/Logo-1-1-150x150.png 150w, https:\/\/miruart.info\/wp-content\/uploads\/2025\/12\/Logo-1-1-768x768.png 768w, https:\/\/miruart.info\/wp-content\/uploads\/2025\/12\/Logo-1-1-12x12.png 12w\" sizes=\"auto, (max-width: 1024px) 100vw, 1024px\" \/><span aria-hidden=\"true\" class=\"wp-block-cover__background has-background-dim\"><\/span><div class=\"wp-block-cover__inner-container is-layout-flow wp-block-cover-is-layout-flow\">\n<p class=\"has-text-align-center has-large-font-size\">Gegens\u00e4tzliche Kr\u00e4fte<\/p>\n<\/div><\/div>\n\n\n\n<p class=\"has-text-align-center translation-block\">So wie Ambivalenz aus mindestens <strong>zwei gegens\u00e4tzlichen, aber miteinander verbundenen Kr\u00e4ften<\/strong> besteht, wird jedes Kunstwerk von zwei unterschiedlichen Interpretationen des K\u00fcnstlers begleitet: <strong>einer positiven und einer kritischen<\/strong>. Diese Perspektiven sind nicht als Schlussfolgerungen gedacht, sondern als Einladungen. Die <strong>Betrachter werden dazu angeregt<\/strong>, zu erkunden, wo diese Interpretationen mit ihren eigenen Wahrnehmungen und emotionalen Reaktionen auf das Werk \u00fcbereinstimmen oder davon abweichen.<\/p>\n\n\n\n<p class=\"has-text-align-center\"><strong><mark style=\"background-color:rgba(0, 0, 0, 0)\" class=\"has-inline-color has-primary-color\">Klicken Sie auf die Bilder, um sie in voller Gr\u00f6\u00dfe zu betrachten und zu entdecken, welche Bedeutungen und Inspirationen sich Ihnen offenbaren.<\/mark><\/strong><\/p>\n\n\n\n<figure class=\"wp-block-image size-large\"><a href=\"https:\/\/miruart.info\/work-detail-beauty\/\"><img loading=\"lazy\" decoding=\"async\" width=\"683\" height=\"1024\" src=\"https:\/\/miruart.info\/wp-content\/uploads\/2026\/03\/Singapura-13-2026-cut-683x1024.jpeg\" alt=\"\" class=\"wp-image-381\" srcset=\"https:\/\/miruart.info\/wp-content\/uploads\/2026\/03\/Singapura-13-2026-cut-683x1024.jpeg 683w, https:\/\/miruart.info\/wp-content\/uploads\/2026\/03\/Singapura-13-2026-cut-200x300.jpeg 200w, https:\/\/miruart.info\/wp-content\/uploads\/2026\/03\/Singapura-13-2026-cut-768x1152.jpeg 768w, https:\/\/miruart.info\/wp-content\/uploads\/2026\/03\/Singapura-13-2026-cut-1024x1536.jpeg 1024w, https:\/\/miruart.info\/wp-content\/uploads\/2026\/03\/Singapura-13-2026-cut-1366x2048.jpeg 1366w, https:\/\/miruart.info\/wp-content\/uploads\/2026\/03\/Singapura-13-2026-cut-8x12.jpeg 8w, https:\/\/miruart.info\/wp-content\/uploads\/2026\/03\/Singapura-13-2026-cut-scaled.jpeg 1707w\" sizes=\"auto, (max-width: 683px) 100vw, 683px\" \/><\/a><figcaption class=\"wp-element-caption\">Sch\u00f6nheit<\/figcaption><\/figure>\n\n\n\n<figure class=\"wp-block-image size-large\"><a href=\"https:\/\/miruart.info\/work-detail-nature-space\/\"><img loading=\"lazy\" decoding=\"async\" width=\"819\" height=\"1024\" src=\"https:\/\/miruart.info\/wp-content\/uploads\/2026\/03\/Singapura-14-2026-cut-2-819x1024.jpeg\" alt=\"\" class=\"wp-image-396\" srcset=\"https:\/\/miruart.info\/wp-content\/uploads\/2026\/03\/Singapura-14-2026-cut-2-819x1024.jpeg 819w, https:\/\/miruart.info\/wp-content\/uploads\/2026\/03\/Singapura-14-2026-cut-2-240x300.jpeg 240w, https:\/\/miruart.info\/wp-content\/uploads\/2026\/03\/Singapura-14-2026-cut-2-768x960.jpeg 768w, https:\/\/miruart.info\/wp-content\/uploads\/2026\/03\/Singapura-14-2026-cut-2-1229x1536.jpeg 1229w, https:\/\/miruart.info\/wp-content\/uploads\/2026\/03\/Singapura-14-2026-cut-2-1638x2048.jpeg 1638w, https:\/\/miruart.info\/wp-content\/uploads\/2026\/03\/Singapura-14-2026-cut-2-10x12.jpeg 10w, https:\/\/miruart.info\/wp-content\/uploads\/2026\/03\/Singapura-14-2026-cut-2-scaled.jpeg 2048w\" sizes=\"auto, (max-width: 819px) 100vw, 819px\" \/><\/a><figcaption class=\"wp-element-caption\"><strong>Naturraum<\/strong><\/figcaption><\/figure>\n\n\n\n<figure class=\"wp-block-image size-large\"><a href=\"https:\/\/miruart.info\/work-detail-dreamland\/\"><img loading=\"lazy\" decoding=\"async\" width=\"1024\" height=\"760\" src=\"https:\/\/miruart.info\/wp-content\/uploads\/2026\/02\/Singapura-11-2024-cut-1024x760.jpeg\" alt=\"\" class=\"wp-image-330\" srcset=\"https:\/\/miruart.info\/wp-content\/uploads\/2026\/02\/Singapura-11-2024-cut-1024x760.jpeg 1024w, https:\/\/miruart.info\/wp-content\/uploads\/2026\/02\/Singapura-11-2024-cut-300x223.jpeg 300w, https:\/\/miruart.info\/wp-content\/uploads\/2026\/02\/Singapura-11-2024-cut-768x570.jpeg 768w, https:\/\/miruart.info\/wp-content\/uploads\/2026\/02\/Singapura-11-2024-cut-1536x1140.jpeg 1536w, https:\/\/miruart.info\/wp-content\/uploads\/2026\/02\/Singapura-11-2024-cut-2048x1520.jpeg 2048w, https:\/\/miruart.info\/wp-content\/uploads\/2026\/02\/Singapura-11-2024-cut-16x12.jpeg 16w\" sizes=\"auto, (max-width: 1024px) 100vw, 1024px\" \/><\/a><figcaption class=\"wp-element-caption\"><strong>Traumland<\/strong><\/figcaption><\/figure>\n\n\n\n<figure class=\"wp-block-gallery has-nested-images columns-default is-cropped wp-block-gallery-5 is-layout-flex wp-block-gallery-is-layout-flex\">\n<figure class=\"wp-block-image size-large\"><a href=\"https:\/\/miruart.info\/work-detail-meaning\/\"><img loading=\"lazy\" decoding=\"async\" width=\"760\" height=\"1024\" data-id=\"329\" src=\"https:\/\/miruart.info\/wp-content\/uploads\/2026\/02\/Sinagapura-12-2024-cut-760x1024.jpg\" alt=\"\" class=\"wp-image-329\" srcset=\"https:\/\/miruart.info\/wp-content\/uploads\/2026\/02\/Sinagapura-12-2024-cut-760x1024.jpg 760w, https:\/\/miruart.info\/wp-content\/uploads\/2026\/02\/Sinagapura-12-2024-cut-223x300.jpg 223w, https:\/\/miruart.info\/wp-content\/uploads\/2026\/02\/Sinagapura-12-2024-cut-768x1035.jpg 768w, https:\/\/miruart.info\/wp-content\/uploads\/2026\/02\/Sinagapura-12-2024-cut-1139x1536.jpg 1139w, https:\/\/miruart.info\/wp-content\/uploads\/2026\/02\/Sinagapura-12-2024-cut-9x12.jpg 9w, https:\/\/miruart.info\/wp-content\/uploads\/2026\/02\/Sinagapura-12-2024-cut.jpg 1301w\" sizes=\"auto, (max-width: 760px) 100vw, 760px\" \/><\/a><figcaption class=\"wp-element-caption\"><strong>Sinn<\/strong><\/figcaption><\/figure>\n<\/figure>\n\n\n\n<figure class=\"wp-block-gallery has-nested-images columns-default is-cropped wp-block-gallery-6 is-layout-flex wp-block-gallery-is-layout-flex\">\n<figure class=\"wp-block-image size-large\"><a href=\"https:\/\/miruart.info\/work-detail-page\/\"><img loading=\"lazy\" decoding=\"async\" width=\"762\" height=\"1024\" data-id=\"74\" src=\"https:\/\/miruart.info\/wp-content\/uploads\/2025\/12\/Singapura-1-2025-cut-762x1024.jpeg\" alt=\"\" class=\"wp-image-74\" srcset=\"https:\/\/miruart.info\/wp-content\/uploads\/2025\/12\/Singapura-1-2025-cut-762x1024.jpeg 762w, https:\/\/miruart.info\/wp-content\/uploads\/2025\/12\/Singapura-1-2025-cut-223x300.jpeg 223w, https:\/\/miruart.info\/wp-content\/uploads\/2025\/12\/Singapura-1-2025-cut-768x1032.jpeg 768w, https:\/\/miruart.info\/wp-content\/uploads\/2025\/12\/Singapura-1-2025-cut-1143x1536.jpeg 1143w, https:\/\/miruart.info\/wp-content\/uploads\/2025\/12\/Singapura-1-2025-cut-1524x2048.jpeg 1524w, https:\/\/miruart.info\/wp-content\/uploads\/2025\/12\/Singapura-1-2025-cut-9x12.jpeg 9w, https:\/\/miruart.info\/wp-content\/uploads\/2025\/12\/Singapura-1-2025-cut-scaled.jpeg 1906w\" sizes=\"auto, (max-width: 762px) 100vw, 762px\" \/><\/a><figcaption class=\"wp-element-caption\"><strong>P<\/strong>Fortschritt<\/figcaption><\/figure>\n<\/figure>\n\n\n\n<figure class=\"wp-block-image size-large\"><a href=\"https:\/\/miruart.info\/work-detail-creator\/\"><img decoding=\"async\" src=\"https:\/\/miruart.info\/wp-content\/uploads\/2025\/12\/Singapura-2-2025-cut.jpeg\" alt=\"\" class=\"wp-image-75\"\/><\/a><figcaption class=\"wp-element-caption\"><strong>Sch\u00f6pfer<\/strong><\/figcaption><\/figure>\n\n\n\n<figure class=\"wp-block-gallery has-nested-images columns-default is-cropped wp-block-gallery-7 is-layout-flex wp-block-gallery-is-layout-flex\">\n<figure class=\"wp-block-image size-large\"><a href=\"https:\/\/miruart.info\/work-detail-origin\/\"><img decoding=\"async\" data-id=\"77\" src=\"https:\/\/miruart.info\/wp-content\/uploads\/2025\/12\/Singapura-4-2025-cut.jpg\" alt=\"\" class=\"wp-image-77\"\/><\/a><figcaption class=\"wp-element-caption\"><strong>Ursprung<\/strong><\/figcaption><\/figure>\n<\/figure>\n\n\n\n<figure class=\"wp-block-image size-large\"><a href=\"https:\/\/miruart.info\/work-detail-awareness\/\"><img loading=\"lazy\" decoding=\"async\" width=\"746\" height=\"1024\" src=\"https:\/\/miruart.info\/wp-content\/uploads\/2025\/12\/Singapura-3-2025-cut-746x1024.jpg\" alt=\"\" class=\"wp-image-76\" srcset=\"https:\/\/miruart.info\/wp-content\/uploads\/2025\/12\/Singapura-3-2025-cut-746x1024.jpg 746w, https:\/\/miruart.info\/wp-content\/uploads\/2025\/12\/Singapura-3-2025-cut-219x300.jpg 219w, https:\/\/miruart.info\/wp-content\/uploads\/2025\/12\/Singapura-3-2025-cut-768x1054.jpg 768w, https:\/\/miruart.info\/wp-content\/uploads\/2025\/12\/Singapura-3-2025-cut-1119x1536.jpg 1119w, https:\/\/miruart.info\/wp-content\/uploads\/2025\/12\/Singapura-3-2025-cut-1492x2048.jpg 1492w, https:\/\/miruart.info\/wp-content\/uploads\/2025\/12\/Singapura-3-2025-cut-9x12.jpg 9w, https:\/\/miruart.info\/wp-content\/uploads\/2025\/12\/Singapura-3-2025-cut-scaled.jpg 1866w\" sizes=\"auto, (max-width: 746px) 100vw, 746px\" \/><\/a><figcaption class=\"wp-element-caption\"><strong>Erkenntnis<\/strong><\/figcaption><\/figure>\n\n\n\n<figure class=\"wp-block-image size-large\"><a href=\"https:\/\/miruart.info\/work-deatil-thoughts\/\"><img loading=\"lazy\" decoding=\"async\" width=\"764\" height=\"1024\" src=\"https:\/\/miruart.info\/wp-content\/uploads\/2025\/12\/Singapura-6-2025-cut-764x1024.jpg\" alt=\"\" class=\"wp-image-79\" srcset=\"https:\/\/miruart.info\/wp-content\/uploads\/2025\/12\/Singapura-6-2025-cut-764x1024.jpg 764w, https:\/\/miruart.info\/wp-content\/uploads\/2025\/12\/Singapura-6-2025-cut-224x300.jpg 224w, https:\/\/miruart.info\/wp-content\/uploads\/2025\/12\/Singapura-6-2025-cut-768x1029.jpg 768w, https:\/\/miruart.info\/wp-content\/uploads\/2025\/12\/Singapura-6-2025-cut-1146x1536.jpg 1146w, https:\/\/miruart.info\/wp-content\/uploads\/2025\/12\/Singapura-6-2025-cut-1529x2048.jpg 1529w, https:\/\/miruart.info\/wp-content\/uploads\/2025\/12\/Singapura-6-2025-cut-9x12.jpg 9w, https:\/\/miruart.info\/wp-content\/uploads\/2025\/12\/Singapura-6-2025-cut-scaled.jpg 1911w\" sizes=\"auto, (max-width: 764px) 100vw, 764px\" \/><\/a><figcaption class=\"wp-element-caption\"><strong>Gedanken<\/strong><\/figcaption><\/figure>\n\n\n\n<figure class=\"wp-block-image size-large\"><a href=\"https:\/\/miruart.info\/work-detail-lovecat\/\"><img loading=\"lazy\" decoding=\"async\" width=\"680\" height=\"1024\" src=\"https:\/\/miruart.info\/wp-content\/uploads\/2026\/04\/Singapura-15-2026-cut-1-680x1024.jpeg\" alt=\"\" class=\"wp-image-408\" srcset=\"https:\/\/miruart.info\/wp-content\/uploads\/2026\/04\/Singapura-15-2026-cut-1-680x1024.jpeg 680w, https:\/\/miruart.info\/wp-content\/uploads\/2026\/04\/Singapura-15-2026-cut-1-199x300.jpeg 199w, https:\/\/miruart.info\/wp-content\/uploads\/2026\/04\/Singapura-15-2026-cut-1-768x1157.jpeg 768w, https:\/\/miruart.info\/wp-content\/uploads\/2026\/04\/Singapura-15-2026-cut-1-1020x1536.jpeg 1020w, https:\/\/miruart.info\/wp-content\/uploads\/2026\/04\/Singapura-15-2026-cut-1-1360x2048.jpeg 1360w, https:\/\/miruart.info\/wp-content\/uploads\/2026\/04\/Singapura-15-2026-cut-1-8x12.jpeg 8w, https:\/\/miruart.info\/wp-content\/uploads\/2026\/04\/Singapura-15-2026-cut-1-scaled.jpeg 1700w\" sizes=\"auto, (max-width: 680px) 100vw, 680px\" \/><\/a><figcaption class=\"wp-element-caption\"><strong>Liebeskatze<\/strong><\/figcaption><\/figure>\n\n\n\n<figure class=\"wp-block-gallery has-nested-images columns-default is-cropped wp-block-gallery-8 is-layout-flex wp-block-gallery-is-layout-flex\">\n<figure class=\"wp-block-image size-large\"><a href=\"https:\/\/miruart.info\/work-detail-love\/\"><img loading=\"lazy\" decoding=\"async\" width=\"764\" height=\"1024\" data-id=\"78\" src=\"https:\/\/miruart.info\/wp-content\/uploads\/2025\/12\/Singapura-5-2025-cut-764x1024.jpg\" alt=\"\" class=\"wp-image-78\" srcset=\"https:\/\/miruart.info\/wp-content\/uploads\/2025\/12\/Singapura-5-2025-cut-764x1024.jpg 764w, https:\/\/miruart.info\/wp-content\/uploads\/2025\/12\/Singapura-5-2025-cut-224x300.jpg 224w, https:\/\/miruart.info\/wp-content\/uploads\/2025\/12\/Singapura-5-2025-cut-768x1029.jpg 768w, https:\/\/miruart.info\/wp-content\/uploads\/2025\/12\/Singapura-5-2025-cut-1146x1536.jpg 1146w, https:\/\/miruart.info\/wp-content\/uploads\/2025\/12\/Singapura-5-2025-cut-1528x2048.jpg 1528w, https:\/\/miruart.info\/wp-content\/uploads\/2025\/12\/Singapura-5-2025-cut-9x12.jpg 9w, https:\/\/miruart.info\/wp-content\/uploads\/2025\/12\/Singapura-5-2025-cut-scaled.jpg 1910w\" sizes=\"auto, (max-width: 764px) 100vw, 764px\" \/><\/a><figcaption class=\"wp-element-caption\"><strong>Liebe<\/strong><\/figcaption><\/figure>\n<\/figure>\n\n\n\n<figure class=\"wp-block-gallery has-nested-images columns-default is-cropped wp-block-gallery-9 is-layout-flex wp-block-gallery-is-layout-flex\">\n<figure class=\"wp-block-image size-large\"><a href=\"https:\/\/miruart.info\/work-detail-absorption\/\"><img loading=\"lazy\" decoding=\"async\" width=\"673\" height=\"1024\" data-id=\"81\" src=\"https:\/\/miruart.info\/wp-content\/uploads\/2025\/12\/Singapura-8-2025-cut-673x1024.jpg\" alt=\"\" class=\"wp-image-81\" srcset=\"https:\/\/miruart.info\/wp-content\/uploads\/2025\/12\/Singapura-8-2025-cut-673x1024.jpg 673w, https:\/\/miruart.info\/wp-content\/uploads\/2025\/12\/Singapura-8-2025-cut-197x300.jpg 197w, https:\/\/miruart.info\/wp-content\/uploads\/2025\/12\/Singapura-8-2025-cut-768x1168.jpg 768w, https:\/\/miruart.info\/wp-content\/uploads\/2025\/12\/Singapura-8-2025-cut-1010x1536.jpg 1010w, https:\/\/miruart.info\/wp-content\/uploads\/2025\/12\/Singapura-8-2025-cut-1347x2048.jpg 1347w, https:\/\/miruart.info\/wp-content\/uploads\/2025\/12\/Singapura-8-2025-cut-8x12.jpg 8w, https:\/\/miruart.info\/wp-content\/uploads\/2025\/12\/Singapura-8-2025-cut-scaled.jpg 1683w\" sizes=\"auto, (max-width: 673px) 100vw, 673px\" \/><\/a><figcaption class=\"wp-element-caption\"><strong>Absorption<\/strong><\/figcaption><\/figure>\n<\/figure>\n\n\n\n<figure class=\"wp-block-gallery has-nested-images columns-default is-cropped wp-block-gallery-10 is-layout-flex wp-block-gallery-is-layout-flex\">\n<figure class=\"wp-block-image size-large\"><a href=\"https:\/\/miruart.info\/work-detail-crossroads\/\"><img loading=\"lazy\" decoding=\"async\" width=\"674\" height=\"1024\" data-id=\"121\" src=\"https:\/\/miruart.info\/wp-content\/uploads\/2026\/01\/Singapura-9-2025-cut-1-674x1024.jpeg\" alt=\"\" class=\"wp-image-121\" srcset=\"https:\/\/miruart.info\/wp-content\/uploads\/2026\/01\/Singapura-9-2025-cut-1-674x1024.jpeg 674w, https:\/\/miruart.info\/wp-content\/uploads\/2026\/01\/Singapura-9-2025-cut-1-197x300.jpeg 197w, https:\/\/miruart.info\/wp-content\/uploads\/2026\/01\/Singapura-9-2025-cut-1-768x1167.jpeg 768w, https:\/\/miruart.info\/wp-content\/uploads\/2026\/01\/Singapura-9-2025-cut-1-1011x1536.jpeg 1011w, https:\/\/miruart.info\/wp-content\/uploads\/2026\/01\/Singapura-9-2025-cut-1-1348x2048.jpeg 1348w, https:\/\/miruart.info\/wp-content\/uploads\/2026\/01\/Singapura-9-2025-cut-1-8x12.jpeg 8w, https:\/\/miruart.info\/wp-content\/uploads\/2026\/01\/Singapura-9-2025-cut-1-scaled.jpeg 1685w\" sizes=\"auto, (max-width: 674px) 100vw, 674px\" \/><\/a><figcaption class=\"wp-element-caption\"><strong>Scheideweg<\/strong><\/figcaption><\/figure>\n<\/figure>\n<\/div>\n\n\n\n<figure class=\"wp-block-image size-large\"><a href=\"https:\/\/miruart.info\/work-detail-resonance\/\"><img loading=\"lazy\" decoding=\"async\" width=\"752\" height=\"1024\" src=\"https:\/\/miruart.info\/wp-content\/uploads\/2025\/12\/Singapura-7-2025-cut-752x1024.jpg\" alt=\"\" class=\"wp-image-80\" srcset=\"https:\/\/miruart.info\/wp-content\/uploads\/2025\/12\/Singapura-7-2025-cut-752x1024.jpg 752w, https:\/\/miruart.info\/wp-content\/uploads\/2025\/12\/Singapura-7-2025-cut-220x300.jpg 220w, https:\/\/miruart.info\/wp-content\/uploads\/2025\/12\/Singapura-7-2025-cut-768x1046.jpg 768w, https:\/\/miruart.info\/wp-content\/uploads\/2025\/12\/Singapura-7-2025-cut-1127x1536.jpg 1127w, https:\/\/miruart.info\/wp-content\/uploads\/2025\/12\/Singapura-7-2025-cut-1503x2048.jpg 1503w, https:\/\/miruart.info\/wp-content\/uploads\/2025\/12\/Singapura-7-2025-cut-9x12.jpg 9w, https:\/\/miruart.info\/wp-content\/uploads\/2025\/12\/Singapura-7-2025-cut-scaled.jpg 1879w\" sizes=\"auto, (max-width: 752px) 100vw, 752px\" \/><\/a><figcaption class=\"wp-element-caption\"><strong>Gleichklang<\/strong><\/figcaption><\/figure>\n\n\n\n<figure class=\"wp-block-image size-large\"><a href=\"https:\/\/miruart.info\/work-detail-contract\/\"><img loading=\"lazy\" decoding=\"async\" width=\"750\" height=\"1024\" src=\"https:\/\/miruart.info\/wp-content\/uploads\/2026\/01\/Singapura-10-2026-cut-750x1024.jpeg\" alt=\"\" class=\"wp-image-120\" srcset=\"https:\/\/miruart.info\/wp-content\/uploads\/2026\/01\/Singapura-10-2026-cut-750x1024.jpeg 750w, https:\/\/miruart.info\/wp-content\/uploads\/2026\/01\/Singapura-10-2026-cut-220x300.jpeg 220w, https:\/\/miruart.info\/wp-content\/uploads\/2026\/01\/Singapura-10-2026-cut-768x1049.jpeg 768w, https:\/\/miruart.info\/wp-content\/uploads\/2026\/01\/Singapura-10-2026-cut-1124x1536.jpeg 1124w, https:\/\/miruart.info\/wp-content\/uploads\/2026\/01\/Singapura-10-2026-cut-1499x2048.jpeg 1499w, https:\/\/miruart.info\/wp-content\/uploads\/2026\/01\/Singapura-10-2026-cut-9x12.jpeg 9w, https:\/\/miruart.info\/wp-content\/uploads\/2026\/01\/Singapura-10-2026-cut-scaled.jpeg 1874w\" sizes=\"auto, (max-width: 750px) 100vw, 750px\" \/><\/a><figcaption class=\"wp-element-caption\"><strong>Vertrag<\/strong><\/figcaption><\/figure>","protected":false},"excerpt":{"rendered":"<p>A digital showcase of artistic diversity Encounter unique works of art that give form to the Integrity of Ambivalence Integrity of Ambivalence is one of the still insufficiently reflected core themes of our time. It addresses the question of how human beings can engage consciously and responsibly with the contradictory, and at times paradoxical, aspects [&hellip;]<\/p>\n","protected":false},"author":1,"featured_media":396,"parent":0,"menu_order":0,"comment_status":"closed","ping_status":"closed","template":"no-title","meta":{"footnotes":"[]"},"class_list":["post-28","page","type-page","status-publish","has-post-thumbnail","hentry"],"aioseo_notices":[],"_links":{"self":[{"href":"https:\/\/miruart.info\/de\/wp-json\/wp\/v2\/pages\/28","targetHints":{"allow":["GET"]}}],"collection":[{"href":"https:\/\/miruart.info\/de\/wp-json\/wp\/v2\/pages"}],"about":[{"href":"https:\/\/miruart.info\/de\/wp-json\/wp\/v2\/types\/page"}],"author":[{"embeddable":true,"href":"https:\/\/miruart.info\/de\/wp-json\/wp\/v2\/users\/1"}],"replies":[{"embeddable":true,"href":"https:\/\/miruart.info\/de\/wp-json\/wp\/v2\/comments?post=28"}],"version-history":[{"count":37,"href":"https:\/\/miruart.info\/de\/wp-json\/wp\/v2\/pages\/28\/revisions"}],"predecessor-version":[{"id":417,"href":"https:\/\/miruart.info\/de\/wp-json\/wp\/v2\/pages\/28\/revisions\/417"}],"wp:featuredmedia":[{"embeddable":true,"href":"https:\/\/miruart.info\/de\/wp-json\/wp\/v2\/media\/396"}],"wp:attachment":[{"href":"https:\/\/miruart.info\/de\/wp-json\/wp\/v2\/media?parent=28"}],"curies":[{"name":"wp","href":"https:\/\/api.w.org\/{rel}","templated":true}]}}