{"id":26,"date":"2025-12-22T12:41:40","date_gmt":"2025-12-22T12:41:40","guid":{"rendered":"https:\/\/miruart.info\/ueber\/"},"modified":"2026-02-21T17:56:03","modified_gmt":"2026-02-21T17:56:03","slug":"ueber","status":"publish","type":"page","link":"https:\/\/miruart.info\/de\/ueber\/","title":{"rendered":"\u00dcber"},"content":{"rendered":"<div class=\"wp-block-group alignfull is-style-ext-preset--group--natural-1--section has-background-background-color has-background has-global-padding is-layout-constrained wp-container-core-group-is-layout-3a222f2e wp-block-group-is-layout-constrained is-style-ext-preset--group--natural-1--section--1\" id=\"ueber-uns\" style=\"margin-top:0;margin-bottom:0;padding-top:var(--wp--preset--spacing--70);padding-bottom:var(--wp--preset--spacing--70)\">\n<div class=\"wp-block-group alignwide is-vertical is-content-justification-center is-layout-flex wp-container-core-group-is-layout-c9ee0c5a wp-block-group-is-layout-flex\">\n<div class=\"wp-block-group has-global-padding is-layout-constrained wp-container-core-group-is-layout-2287c683 wp-block-group-is-layout-constrained\">\n<h2 class=\"wp-block-heading has-text-align-center\">M\u00edru<\/h2>\n\n\n\n<p class=\"has-text-align-center\"><\/p>\n\n\n\n<p class=\"has-text-align-center\">M\u00edru ist ein zeitgen\u00f6ssischer K\u00fcnstler mit einem Hintergrund in der Architektur. Er studierte an einer Institution, die aus der Tradition einer ehemaligen Kunstschule in D\u00fcsseldorf hervorgegangen ist, und schloss sein Studium mit einem Diplom in Architektur ab.<\/p>\n\n\n\n<p class=\"has-text-align-center\">Heute lebt und arbeitet er in Singapur, wobei seine kulturellen und intellektuellen Wurzeln in Deutschland liegen. In seiner k\u00fcnstlerischen Praxis \u00fcbersetzt er architektonisches Denken in Malerei: Raum, Struktur und Proportionen werden nicht mehr als physische Formen konstruiert, sondern als mentale Strukturen und r\u00e4umliche Erfahrungen neu interpretiert.<\/p>\n\n\n\n<p class=\"has-text-align-center translation-block\">Im Zentrum seiner Arbeit steht das Prinzip der <strong>Integrit\u00e4t von Ambivalenz<\/strong><\/p>\n\n\n\n<p class=\"has-text-align-center\">Seine Arbeit untersucht \u00dcberg\u00e4nge zwischen innerem Bewusstsein und \u00e4u\u00dferer Realit\u00e4t, zwischen technologischer Ordnung und spiritueller Wahrnehmung. Anstatt L\u00f6sungen anzubieten, schaffen seine Gem\u00e4lde sorgf\u00e4ltig strukturierte Spannungsfelder, in denen gegens\u00e4tzliche Kr\u00e4fte pr\u00e4sent und aktiv bleiben.<\/p>\n\n\n\n<p class=\"has-text-align-center\">Architektur wird zur Sprache des Denkens, Geometrie zum Instrument der Kl\u00e4rung. Die Praxis verlagert sich von der Gestaltung physischer Umgebungen hin zur Artikulation innerer Bewusstseinszust\u00e4nde \u2013 weg vom Entwurf von Formen hin zu einer Architektur des Bewusstseins.<\/p>\n\n\n\n<p class=\"has-text-align-center\">. <\/p>\n<\/div>\n<\/div>\n\n\n\n<figure class=\"wp-block-image size-large is-style-ext-preset-image-natural-1-image-1--content-any is-style-ext-preset--image--natural-1--image-1--content-any is-style-ext-preset--image--natural-1--image-1--content-any--2\"><img loading=\"lazy\" decoding=\"async\" width=\"1024\" height=\"683\" src=\"https:\/\/miruart.info\/wp-content\/uploads\/2026\/01\/Ansicht-Galerie-4-1024x683.png\" alt=\"\" class=\"wp-image-207\" style=\"aspect-ratio:4\/3;object-fit:cover\" srcset=\"https:\/\/miruart.info\/wp-content\/uploads\/2026\/01\/Ansicht-Galerie-4-1024x683.png 1024w, https:\/\/miruart.info\/wp-content\/uploads\/2026\/01\/Ansicht-Galerie-4-300x200.png 300w, https:\/\/miruart.info\/wp-content\/uploads\/2026\/01\/Ansicht-Galerie-4-768x512.png 768w, https:\/\/miruart.info\/wp-content\/uploads\/2026\/01\/Ansicht-Galerie-4-18x12.png 18w, https:\/\/miruart.info\/wp-content\/uploads\/2026\/01\/Ansicht-Galerie-4.png 1536w\" sizes=\"auto, (max-width: 1024px) 100vw, 1024px\" \/><\/figure>\n<\/div>\n\n\n\n<div class=\"wp-block-group alignfull is-style-ext-preset--group--natural-1--section has-tertiary-background-color has-background has-global-padding is-layout-constrained wp-container-core-group-is-layout-f72f1611 wp-block-group-is-layout-constrained is-style-ext-preset--group--natural-1--section--3\" id=\"galerie\" style=\"margin-top:0;margin-bottom:0;padding-top:var(--wp--preset--spacing--70);padding-bottom:var(--wp--preset--spacing--70)\">\n<div class=\"wp-block-group is-vertical is-layout-flex wp-container-core-group-is-layout-a6553e11 wp-block-group-is-layout-flex\">\n<div class=\"wp-block-group has-global-padding is-layout-constrained wp-container-core-group-is-layout-5e05634a wp-block-group-is-layout-constrained\">\n<div class=\"wp-block-group has-global-padding is-layout-constrained wp-block-group-is-layout-constrained\">\n<h2 class=\"wp-block-heading has-text-align-center\">K\u00fcnstlerstatement<\/h2>\n\n\n\n<p class=\"has-text-align-center\">Meine k\u00fcnstlerische Praxis ist eine visuelle Auseinandersetzung mit Ambivalenz im zeitgen\u00f6ssischen Leben. In einer Welt, die nach Eindeutigkeit strebt, interessieren mich jene Zwischenr\u00e4ume, in denen Gewissheiten fragil werden und Gegens\u00e4tze nebeneinander bestehen.<\/p>\n\n\n\n<p class=\"has-text-align-center\">Aufgrund meiner Ausbildung denke ich in Strukturen, R\u00e4umen und \u00dcberg\u00e4ngen, die ich in Malerei umsetze. Linien, Fl\u00e4chen und Zeichen strukturieren emotionale, mentale wie auch soziale Zust\u00e4nde, ohne sie zu vereinfachen. Meine geometrisch-symbolische Bildsprache ist keine Abstraktion um ihrer selbst willen, sondern ein pr\u00e4zises Instrument zur Erforschung zeitgen\u00f6ssischer Fragen nach Identit\u00e4t, Wahrnehmung und Beziehung.<\/p>\n\n\n\n<p class=\"has-text-align-center\">Meine Arbeit bewegt sich in Spannungsfeldern: Natur und Urbanit\u00e4t, Rationalit\u00e4t und Transzendenz, N\u00e4he und Distanz, Mensch und Maschine.<br>Gepr\u00e4gt von einer r\u00e4umlichen und strukturellen Denkweise verstehe ich Ambivalenz nicht als Widerspruch, sondern als einen Zustand der Integrit\u00e4t \u2013 die F\u00e4higkeit, gegens\u00e4tzliche Kr\u00e4fte gleichzeitig zu halten und sichtbar zu machen, damit sie produktiv genutzt werden k\u00f6nnen.<\/p>\n\n\n\n<p class=\"has-text-align-center\">Meine Arbeiten laden zu stiller Reflexion ein, nicht zu schneller Deutung.<\/p>\n<\/div>\n<\/div>\n<\/div>\n\n\n\n<div class=\"wp-block-group is-vertical is-layout-flex wp-container-core-group-is-layout-fe9cc265 wp-block-group-is-layout-flex\"><\/div>\n\n\n\n<div class=\"wp-block-group is-vertical is-layout-flex wp-container-core-group-is-layout-a6553e11 wp-block-group-is-layout-flex\">\n<div class=\"wp-block-group has-global-padding is-layout-constrained wp-container-core-group-is-layout-5e05634a wp-block-group-is-layout-constrained\">\n<figure class=\"wp-block-image alignwide size-large is-style-ext-preset--image--brutalism-1--image-1--content-top is-style-ext-preset--image--brutalism-1--image-1--content-top--4\"><img loading=\"lazy\" decoding=\"async\" width=\"576\" height=\"1024\" src=\"https:\/\/miruart.info\/wp-content\/uploads\/2026\/01\/Me-2025-576x1024.jpeg\" alt=\"\" class=\"wp-image-259\" srcset=\"https:\/\/miruart.info\/wp-content\/uploads\/2026\/01\/Me-2025-576x1024.jpeg 576w, https:\/\/miruart.info\/wp-content\/uploads\/2026\/01\/Me-2025-169x300.jpeg 169w, https:\/\/miruart.info\/wp-content\/uploads\/2026\/01\/Me-2025-768x1365.jpeg 768w, https:\/\/miruart.info\/wp-content\/uploads\/2026\/01\/Me-2025-864x1536.jpeg 864w, https:\/\/miruart.info\/wp-content\/uploads\/2026\/01\/Me-2025-1152x2048.jpeg 1152w, https:\/\/miruart.info\/wp-content\/uploads\/2026\/01\/Me-2025-7x12.jpeg 7w, https:\/\/miruart.info\/wp-content\/uploads\/2026\/01\/Me-2025-scaled.jpeg 1440w\" sizes=\"auto, (max-width: 576px) 100vw, 576px\" \/><\/figure>\n\n\n\n<h2 class=\"wp-block-heading has-text-align-center\">Private Einblicke<\/h2>\n\n\n\n<p class=\"has-text-align-center\">Der K\u00fcnstlername <strong>M\u00edru<\/strong> ist eine Verk\u00fcrzung meines Namens, Michael Rupprecht. Diese bewusste Reduktion markiert f\u00fcr mich einen inneren Wandel \u2013 den Moment, in dem berufliche Klarheit einer existenziellen Suche wich.<\/p>\n\n\n\n<p class=\"has-text-align-center\">Als Kind der fr\u00fchen Generation X wuchs ich in einer Zeit tiefgreifender Ver\u00e4nderungen auf. Klare ideologische Gewissheiten l\u00f6sten sich auf, der technologische Fortschritt versprach Freiheit und schuf gleichzeitig neue Abh\u00e4ngigkeiten und die Welt begann zwischen Rationalisierung und Sinnsuche zu schwanken. Diese Erfahrung des Dazwischenseins \u2013 zwischen Stabilit\u00e4t und Wandel, Ordnung und Aufl\u00f6sung \u2013 hat meine Wahrnehmung und Denkweise tief gepr\u00e4gt.<\/p>\n\n\n\n<p class=\"has-text-align-center\">Meine Wurzeln liegen in Westdeutschland, am Niederrhein. Die Weite der Landschaft, das Leben in l\u00e4ndlicher Umgebung und die N\u00e4he zu Wasser und Horizont haben schon fr\u00fch meine Sensibilit\u00e4t f\u00fcr nat\u00fcrliche Rhythmen, Zyklen und Energien geweckt. Natur war f\u00fcr mich nie das Gegenteil von Kultur, sondern vielmehr deren Grundlage.<\/p>\n\n\n\n<p class=\"has-text-align-center\">Gleichzeitig entwickelte sich eine tiefe Neugierde f\u00fcr das, was jenseits des Vertrauten liegt. Reisen, Begegnungen mit anderen Kulturen und das Leben in unterschiedlichen sozialen Systemen erweiterten meinen Horizont und stellten vermeintliche Gewissheiten infrage. F\u00fcr mich ging es beim Reisen nie darum, Orte zu konsumieren, sondern darum, Einblicke zu gewinnen. Was mich am meisten faszinierte, waren nicht politische Systeme, sondern die vielf\u00e4ltigen Arten, wie Menschen mit Glauben, Transzendenz und Sinn umgehen \u2013 der menschliche Versuch, Ordnung in das Unsichtbare zu bringen und Orientierung in einer widerspr\u00fcchlichen Welt zu finden.<\/p>\n\n\n\n<figure class=\"wp-block-gallery has-nested-images columns-default is-cropped wp-block-gallery-5 is-layout-flex wp-block-gallery-is-layout-flex\">\n<figure class=\"wp-block-image size-large\"><img loading=\"lazy\" decoding=\"async\" width=\"474\" height=\"1024\" data-id=\"346\" src=\"https:\/\/miruart.info\/wp-content\/uploads\/2026\/02\/IMG_4870-474x1024.jpeg\" alt=\"\" class=\"wp-image-346\" srcset=\"https:\/\/miruart.info\/wp-content\/uploads\/2026\/02\/IMG_4870-474x1024.jpeg 474w, https:\/\/miruart.info\/wp-content\/uploads\/2026\/02\/IMG_4870-139x300.jpeg 139w, https:\/\/miruart.info\/wp-content\/uploads\/2026\/02\/IMG_4870-6x12.jpeg 6w, https:\/\/miruart.info\/wp-content\/uploads\/2026\/02\/IMG_4870.jpeg 537w\" sizes=\"auto, (max-width: 474px) 100vw, 474px\" \/><\/figure>\n\n\n\n<figure class=\"wp-block-image size-large\"><img loading=\"lazy\" decoding=\"async\" width=\"457\" height=\"988\" data-id=\"349\" src=\"https:\/\/miruart.info\/wp-content\/uploads\/2026\/02\/IMG_5144.jpeg\" alt=\"\" class=\"wp-image-349\" srcset=\"https:\/\/miruart.info\/wp-content\/uploads\/2026\/02\/IMG_5144.jpeg 457w, https:\/\/miruart.info\/wp-content\/uploads\/2026\/02\/IMG_5144-139x300.jpeg 139w, https:\/\/miruart.info\/wp-content\/uploads\/2026\/02\/IMG_5144-6x12.jpeg 6w\" sizes=\"auto, (max-width: 457px) 100vw, 457px\" \/><\/figure>\n\n\n\n<figure class=\"wp-block-image size-large\"><img loading=\"lazy\" decoding=\"async\" width=\"474\" height=\"1024\" data-id=\"348\" src=\"https:\/\/miruart.info\/wp-content\/uploads\/2026\/02\/IMG_5141-474x1024.jpeg\" alt=\"\" class=\"wp-image-348\" srcset=\"https:\/\/miruart.info\/wp-content\/uploads\/2026\/02\/IMG_5141-474x1024.jpeg 474w, https:\/\/miruart.info\/wp-content\/uploads\/2026\/02\/IMG_5141-139x300.jpeg 139w, https:\/\/miruart.info\/wp-content\/uploads\/2026\/02\/IMG_5141-6x12.jpeg 6w, https:\/\/miruart.info\/wp-content\/uploads\/2026\/02\/IMG_5141.jpeg 517w\" sizes=\"auto, (max-width: 474px) 100vw, 474px\" \/><\/figure>\n<\/figure>\n\n\n\n<p class=\"has-text-align-center\">Im Shintoismus, der still und leise den Alltag in Japan durchdringt und eng mit dem Buddhismus verwoben ist, begegnete ich einer Weltanschauung, die mich nachhaltig gepr\u00e4gt hat. Es ist eine Sichtweise, in der Mensch, Natur, Raum und Zeit untrennbar miteinander verbunden sind. Energie ist kein abstraktes Konzept, sondern etwas, das man erleben kann. Sie flie\u00dft durch Lebewesen, Landschaften und Orte. Das Leben endet, wenn es ersch\u00f6pft ist \u2013 aber der Fluss selbst h\u00f6rt nicht auf. Irgendwo beginnt etwas Neues.<\/p>\n\n\n\n<p class=\"has-text-align-center\">Ich wei\u00df nicht, woher wir kommen.<br>Ich wei\u00df nicht, was Bewusstsein wirklich ist.<br>Aber ich wei\u00df, dass wir Energie sp\u00fcren k\u00f6nnen \u2013 in Menschen, Landschaften und R\u00e4umen. Und dass immer etwas am Werk ist, zwischen Ordnung und Chaos, Struktur und Aufl\u00f6sung.<\/p>\n\n\n\n<p class=\"has-text-align-center translation-block\">Genau dort entsteht meine Kunst.\nAus Klarheit und Zweifel.\nAus Konstruktion und Offenheit.<\/p>\n\n\n\n<p class=\"has-text-align-center\">Meine k\u00fcnstlerische Praxis bewegt sich in diesem Spannungsfeld \u2013 zwischen konstruktivem Denken und klaren Strukturen einerseits und einer tiefen Sensibilit\u00e4t f\u00fcr das Unermessliche, Intuitive und Spirituelle andererseits. Diese Pole werden nicht miteinander in Einklang gebracht, sondern bewusst in Beziehung zueinander gesetzt.<\/p>\n\n\n\n<figure class=\"wp-block-gallery has-nested-images columns-default is-cropped wp-block-gallery-6 is-layout-flex wp-block-gallery-is-layout-flex\">\n<figure class=\"wp-block-image size-large\"><img loading=\"lazy\" decoding=\"async\" width=\"473\" height=\"1024\" data-id=\"350\" src=\"https:\/\/miruart.info\/wp-content\/uploads\/2026\/02\/IMG_5156-473x1024.jpeg\" alt=\"\" class=\"wp-image-350\" srcset=\"https:\/\/miruart.info\/wp-content\/uploads\/2026\/02\/IMG_5156-473x1024.jpeg 473w, https:\/\/miruart.info\/wp-content\/uploads\/2026\/02\/IMG_5156-139x300.jpeg 139w, https:\/\/miruart.info\/wp-content\/uploads\/2026\/02\/IMG_5156-6x12.jpeg 6w, https:\/\/miruart.info\/wp-content\/uploads\/2026\/02\/IMG_5156.jpeg 612w\" sizes=\"auto, (max-width: 473px) 100vw, 473px\" \/><\/figure>\n\n\n\n<figure class=\"wp-block-image size-large\"><img loading=\"lazy\" decoding=\"async\" width=\"473\" height=\"1024\" data-id=\"351\" src=\"https:\/\/miruart.info\/wp-content\/uploads\/2026\/02\/IMG_5174-473x1024.jpeg\" alt=\"\" class=\"wp-image-351\" srcset=\"https:\/\/miruart.info\/wp-content\/uploads\/2026\/02\/IMG_5174-473x1024.jpeg 473w, https:\/\/miruart.info\/wp-content\/uploads\/2026\/02\/IMG_5174-139x300.jpeg 139w, https:\/\/miruart.info\/wp-content\/uploads\/2026\/02\/IMG_5174-6x12.jpeg 6w, https:\/\/miruart.info\/wp-content\/uploads\/2026\/02\/IMG_5174.jpeg 517w\" sizes=\"auto, (max-width: 473px) 100vw, 473px\" \/><\/figure>\n\n\n\n<figure class=\"wp-block-image size-large\"><img loading=\"lazy\" decoding=\"async\" width=\"473\" height=\"1024\" data-id=\"352\" src=\"https:\/\/miruart.info\/wp-content\/uploads\/2026\/02\/IMG_5795-473x1024.jpeg\" alt=\"\" class=\"wp-image-352\" srcset=\"https:\/\/miruart.info\/wp-content\/uploads\/2026\/02\/IMG_5795-473x1024.jpeg 473w, https:\/\/miruart.info\/wp-content\/uploads\/2026\/02\/IMG_5795-139x300.jpeg 139w, https:\/\/miruart.info\/wp-content\/uploads\/2026\/02\/IMG_5795-6x12.jpeg 6w, https:\/\/miruart.info\/wp-content\/uploads\/2026\/02\/IMG_5795.jpeg 633w\" sizes=\"auto, (max-width: 473px) 100vw, 473px\" \/><\/figure>\n<\/figure>\n\n\n\n<p class=\"has-text-align-center\">Meine Werke versuchen nicht, Entscheidungen zu treffen, sondern offen zu bleiben. Sie laden den Betrachter dazu ein, Spannungen auszuhalten \u2013 zwischen Sicherheit und Freiheit, Kontrolle und Hingabe, Mensch und Maschine, Rationalit\u00e4t und Transzendenz.<\/p>\n\n\n\n<p class=\"has-text-align-center\">F\u00fcr mich ist Kunst kein Ort der L\u00f6sungen, sondern ein Raum des Aushaltens.<br>Ein Raum, in dem all diese gegens\u00e4tzlichen Paare nebeneinander existieren d\u00fcrfen.<\/p>\n\n\n\n<p class=\"has-text-align-center\">Meine Bilder geben keine Antworten \u2013 sie \u00f6ffnen Zwischenr\u00e4ume.<\/p>\n\n\n\n<p class=\"has-text-align-center translation-block\">Vielleicht entsteht genau dort Bewegung.\nUnd vielleicht beginnt dort etwas Eigenes.<\/p>\n<\/div>\n<\/div>\n<\/div>","protected":false},"excerpt":{"rendered":"<p>M\u00edru M\u00edru is a contemporary artist with a background in architecture. He studied at an institution rooted in the legacy of a former art school in D\u00fcsseldorf and holds a diploma in architecture. Today he lives and works in Singapore, with cultural and intellectual roots in Germany. His artistic practice translates architectural thinking into painting: [&hellip;]<\/p>\n","protected":false},"author":1,"featured_media":0,"parent":0,"menu_order":0,"comment_status":"closed","ping_status":"closed","template":"page-with-title","meta":{"footnotes":""},"class_list":["post-26","page","type-page","status-publish","hentry"],"aioseo_notices":[],"_links":{"self":[{"href":"https:\/\/miruart.info\/de\/wp-json\/wp\/v2\/pages\/26","targetHints":{"allow":["GET"]}}],"collection":[{"href":"https:\/\/miruart.info\/de\/wp-json\/wp\/v2\/pages"}],"about":[{"href":"https:\/\/miruart.info\/de\/wp-json\/wp\/v2\/types\/page"}],"author":[{"embeddable":true,"href":"https:\/\/miruart.info\/de\/wp-json\/wp\/v2\/users\/1"}],"replies":[{"embeddable":true,"href":"https:\/\/miruart.info\/de\/wp-json\/wp\/v2\/comments?post=26"}],"version-history":[{"count":26,"href":"https:\/\/miruart.info\/de\/wp-json\/wp\/v2\/pages\/26\/revisions"}],"predecessor-version":[{"id":364,"href":"https:\/\/miruart.info\/de\/wp-json\/wp\/v2\/pages\/26\/revisions\/364"}],"wp:attachment":[{"href":"https:\/\/miruart.info\/de\/wp-json\/wp\/v2\/media?parent=26"}],"curies":[{"name":"wp","href":"https:\/\/api.w.org\/{rel}","templated":true}]}}