{"id":222,"date":"2026-01-24T08:45:32","date_gmt":"2026-01-24T08:45:32","guid":{"rendered":"https:\/\/miruart.info\/?page_id=222"},"modified":"2026-01-30T08:31:30","modified_gmt":"2026-01-30T08:31:30","slug":"impressum","status":"publish","type":"page","link":"https:\/\/miruart.info\/de\/impressum\/","title":{"rendered":"Impressum \/ Legal Notice"},"content":{"rendered":"<h1>Impressum (DE)<\/h1>\n<p><strong>Angaben gem\u00e4\u00df \u00a7 5 DDG<\/strong><\/p>\n<p>Michael Rupprecht &#8211; Freischaffender K\u00fcnstler<br \/>\n13 Keppel Bay Drive, Corals<br \/>\n098018 Singapore<\/p>\n<p><strong>Vertreten durch: <\/strong><br \/>\nMichael Rupprecht<\/p>\n<p><strong>Kontakt:<\/strong><br \/>\nTelefon: +65 87170071<br \/>\nE-Mail: <a>miru@miruart.info<\/a><\/p>\n<p><strong>Verbraucherstreitbeilegung \/ Universalschlichtungsstelle<\/strong><\/p>\n<p>Wir nehmen nicht an Streitbeilegungsverfahren vor einer Verbraucherschlichtungsstelle teil und sind dazu auch nicht verpflichtet.<\/p>\n<p><strong>Haftungsausschluss: <\/strong><\/p>\n<p><strong>Haftung f\u00fcr Inhalte<\/strong><br \/>\nDie Inhalte unserer Seiten wurden mit gr\u00f6\u00dfter Sorgfalt erstellt. F\u00fcr die Richtigkeit, Vollst\u00e4ndigkeit und Aktualit\u00e4t der Inhalte k\u00f6nnen wir jedoch keine Gew\u00e4hr \u00fcbernehmen. Als Diensteanbieter sind wir gem\u00e4\u00df \u00a7 7 Abs.1 DDG f\u00fcr eigene Inhalte auf diesen Seiten nach den allgemeinen Gesetzen verantwortlich. Nach \u00a7\u00a7 8 bis 10 DDG sind wir als Diensteanbieter jedoch nicht verpflichtet, \u00fcbermittelte oder gespeicherte fremde Informationen zu \u00fcberwachen oder nach Umst\u00e4nden zu forschen, die auf eine rechtswidrige T\u00e4tigkeit hinweisen. Verpflichtungen zur Entfernung oder Sperrung der Nutzung von Informationen nach den allgemeinen Gesetzen bleiben hiervon unber\u00fchrt. Eine diesbez\u00fcgliche Haftung ist jedoch erst ab dem Zeitpunkt der Kenntnis einer konkreten Rechtsverletzung m\u00f6glich. Bei Bekanntwerden von entsprechenden Rechtsverletzungen werden wir diese Inhalte umgehend entfernen.<\/p>\n<p><strong>Urheberrecht<\/strong><br \/>\nDie durch die Seitenbetreiber erstellten Inhalte und Werke auf diesen Seiten unterliegen dem deutschen Urheberrecht. Die Vervielf\u00e4ltigung, Bearbeitung, Verbreitung und jede Art der Verwertung au\u00dferhalb der Grenzen des Urheberrechtes bed\u00fcrfen der schriftlichen Zustimmung des jeweiligen Autors bzw. Erstellers. Downloads und Kopien dieser Seite sind nur f\u00fcr den privaten, nicht kommerziellen Gebrauch gestattet. Soweit die Inhalte auf dieser Seite nicht vom Betreiber erstellt wurden, werden die Urheberrechte Dritter beachtet. Insbesondere werden Inhalte Dritter als solche gekennzeichnet. Sollten Sie trotzdem auf eine Urheberrechtsverletzung aufmerksam werden, bitten wir um einen entsprechenden Hinweis. Bei Bekanntwerden von Rechtsverletzungen werden wir derartige Inhalte umgehend entfernen.<\/p>\n<h1>Legal Notice (EN)<\/h1>\n<p><strong>Information pursuant to Section 5 DDG (German Digital Services Act)<\/strong><\/p>\n<p>Michael Rupprecht \u2013 Independent Artist<\/p>\n<p>13 Keppel Bay Drive, Corals<\/p>\n<p>098018 Singapore<\/p>\n<p><strong>Represented by:<\/strong><\/p>\n<p>Michael Rupprecht<\/p>\n<p><strong>Contact:<\/strong><\/p>\n<p>Phone: +65 87170071<\/p>\n<p>Email: miru@miruart.info<\/p>\n<p><strong>Consumer Dispute Resolution \/ Universal Arbitration Board<\/strong><\/p>\n<p>We do not participate in dispute resolution proceedings before a consumer arbitration board and are not obliged to do so.<\/p>\n<p><strong>Disclaimer<\/strong><\/p>\n<p><strong>Liability for Content<\/strong><\/p>\n<p>The contents of this website have been created with the greatest possible care. However, no guarantee can be given for the accuracy, completeness, or timeliness of the content. As a service provider, we are responsible for our own content on these pages in accordance with general laws pursuant to Section 7(1) DDG.<\/p>\n<p>According to Sections 8 to 10 DDG, we are not obligated to monitor transmitted or stored third-party information or to investigate circumstances that indicate unlawful activity. Obligations to remove or block the use of information under general laws remain unaffected. Liability in this respect is only possible from the point in time at which a specific infringement becomes known. Upon becoming aware of such legal violations, we will remove the content immediately.<\/p>\n<p><strong>Copyright<\/strong><\/p>\n<p>The content and works created by the site operator on this website are subject to German copyright law. Duplication, processing, distribution, or any form of commercialization beyond the scope of copyright law requires the prior written consent of the respective author or creator. Downloads and copies of this site are permitted for private, non-commercial use only.<\/p>\n<p>Where content on this site was not created by the operator, the copyrights of third parties are respected. In particular, third-party content is identified as such. Should you nevertheless become aware of a copyright infringement, please inform us accordingly. Upon notification of violations, such content will be removed immediately.<\/p>","protected":false},"excerpt":{"rendered":"<p>Impressum (DE) Angaben gem\u00e4\u00df \u00a7 5 DDG Michael Rupprecht &#8211; Freischaffender K\u00fcnstler 13 Keppel Bay Drive, Corals 098018 Singapore Vertreten durch: Michael Rupprecht Kontakt: Telefon: +65 87170071 E-Mail: miru@miruart.info Verbraucherstreitbeilegung \/ Universalschlichtungsstelle Wir nehmen nicht an Streitbeilegungsverfahren vor einer Verbraucherschlichtungsstelle teil und sind dazu auch nicht verpflichtet. Haftungsausschluss: Haftung f\u00fcr Inhalte Die Inhalte unserer Seiten [&hellip;]<\/p>\n","protected":false},"author":1,"featured_media":0,"parent":0,"menu_order":0,"comment_status":"closed","ping_status":"closed","template":"page-with-title","meta":{"footnotes":""},"class_list":["post-222","page","type-page","status-publish","hentry"],"aioseo_notices":[],"_links":{"self":[{"href":"https:\/\/miruart.info\/de\/wp-json\/wp\/v2\/pages\/222","targetHints":{"allow":["GET"]}}],"collection":[{"href":"https:\/\/miruart.info\/de\/wp-json\/wp\/v2\/pages"}],"about":[{"href":"https:\/\/miruart.info\/de\/wp-json\/wp\/v2\/types\/page"}],"author":[{"embeddable":true,"href":"https:\/\/miruart.info\/de\/wp-json\/wp\/v2\/users\/1"}],"replies":[{"embeddable":true,"href":"https:\/\/miruart.info\/de\/wp-json\/wp\/v2\/comments?post=222"}],"version-history":[{"count":6,"href":"https:\/\/miruart.info\/de\/wp-json\/wp\/v2\/pages\/222\/revisions"}],"predecessor-version":[{"id":289,"href":"https:\/\/miruart.info\/de\/wp-json\/wp\/v2\/pages\/222\/revisions\/289"}],"wp:attachment":[{"href":"https:\/\/miruart.info\/de\/wp-json\/wp\/v2\/media?parent=222"}],"curies":[{"name":"wp","href":"https:\/\/api.w.org\/{rel}","templated":true}]}}