{"id":172,"date":"2026-01-22T07:39:10","date_gmt":"2026-01-22T07:39:10","guid":{"rendered":"https:\/\/miruart.info\/?page_id=172"},"modified":"2026-02-01T10:35:03","modified_gmt":"2026-02-01T10:35:03","slug":"work-detail-contract","status":"publish","type":"page","link":"https:\/\/miruart.info\/de\/work-detail-contract\/","title":{"rendered":"DETAILANSICHT - Vertrag"},"content":{"rendered":"<figure class=\"wp-block-image alignwide size-large\"><img loading=\"lazy\" decoding=\"async\" width=\"750\" height=\"1024\" src=\"https:\/\/miruart.info\/wp-content\/uploads\/2026\/01\/Singapura-10-2026-cut-750x1024.jpeg\" alt=\"\" class=\"wp-image-120\" srcset=\"https:\/\/miruart.info\/wp-content\/uploads\/2026\/01\/Singapura-10-2026-cut-750x1024.jpeg 750w, https:\/\/miruart.info\/wp-content\/uploads\/2026\/01\/Singapura-10-2026-cut-220x300.jpeg 220w, https:\/\/miruart.info\/wp-content\/uploads\/2026\/01\/Singapura-10-2026-cut-768x1049.jpeg 768w, https:\/\/miruart.info\/wp-content\/uploads\/2026\/01\/Singapura-10-2026-cut-1124x1536.jpeg 1124w, https:\/\/miruart.info\/wp-content\/uploads\/2026\/01\/Singapura-10-2026-cut-1499x2048.jpeg 1499w, https:\/\/miruart.info\/wp-content\/uploads\/2026\/01\/Singapura-10-2026-cut-9x12.jpeg 9w, https:\/\/miruart.info\/wp-content\/uploads\/2026\/01\/Singapura-10-2026-cut-scaled.jpeg 1874w\" sizes=\"auto, (max-width: 750px) 100vw, 750px\" \/><\/figure>\n\n\n\n<p><sub>Dieses Werk ist Teil eines fortlaufenden Zyklus, der sich mit den ambivalenten Zust\u00e4nden der heutigen Existenz besch\u00e4ftigt.<\/sub><\/p>\n\n\n\n<p><strong>Titel<\/strong> <em>Vertrag<\/em><\/p>\n\n\n\n<p class=\" translation-block\"><strong>Technik:<\/strong> Acryl auf Leinwand<\/p>\n\n\n\n<p><strong>Jahr: <\/strong>2026<\/p>\n\n\n\n<p class=\" translation-block\"><strong>Format:<\/strong> Hochformat 18 \u00d7 24 Zoll<\/p>\n\n\n\n<p class=\" translation-block\"><strong>Farbraum:<\/strong> Prim\u00e4rfarben (Rot, Blau, Gelb), erg\u00e4nzt durch Schwarz und erdige Braunt\u00f6ne mit goldenen Akzenten<\/p>\n\n\n\n<p class=\" translation-block\"><strong>Stilistische Einordnung:<\/strong> Geometrisch-symbolistische Figuration mit konstruktivistischen Elementen und gesellschaftskritischer Bildsprache<\/p>\n\n\n\n<p><\/p>\n\n\n\n<div class=\"wp-block-group has-global-padding is-layout-constrained wp-block-group-is-layout-constrained\">\n<p class=\" translation-block\"><strong>\u201eVertrag\u201c<\/strong> zeigt einen menschlichen Torso, \u00fcberzogen von dokumentartigen Fl\u00e4chen und Zeichen. Ein Riss durchzieht den K\u00f6rper und legt ein R\u00fcckgrat frei \u2013 als Konflikt zwischen Absicherung und Selbstbestimmung. <br><br><strong>Sicherheit durch Bindung<\/strong><br>In einer affirmativen Lesart steht das Werk f\u00fcr den Wunsch nach Stabilit\u00e4t und Kalkulierbarkeit. Verpflichtungen schaffen Ordnung, minimieren Risiko und erm\u00f6glichen ein ruhiges Leben in Konformit\u00e4t. Die runde, braune, teils golden schimmernde Form erscheint als Belohnung: materieller Ausgleich und Sicherheit f\u00fcr eingegangene Bindungen. <br><br><strong>Freiheit als Risiko<\/strong><br>Kritisch gelesen werden dieselben Bindungen zu Verstrickungen. Absicherung kippt in Abh\u00e4ngigkeit, Funktionieren ersetzt Lebendigkeit. Der Riss markiert den Impuls zur Befreiung; das sichtbare R\u00fcckgrat steht f\u00fcr Haltung, die n\u00f6tig ist, um Zw\u00e4nge zu l\u00f6sen und ein selbstbestimmtes, jedoch riskanteres Leben zu w\u00e4hlen. <br><br><strong>Konklusion<\/strong><br><em>Vertrag<\/em> entscheidet nicht zwischen Sicherheit und Freiheit.\nDas Werk h\u00e4lt die Spannung zwischen Schutz und Selbstverwirklichung offen \u2013 im Sinne der <em>Integrit\u00e4t von Ambivalenz<\/em>. \u00a0<\/p>\n<\/div>\n\n\n\n<p><\/p>\n\n\n\n<p><a href=\"https:\/\/miruart.info\/galerie\">Zur\u00fcck zur Galerie<\/a><\/p>","protected":false},"excerpt":{"rendered":"<p>This work is part of an ongoing cycle exploring ambivalent states of contemporary existence. Title: Contract Medium: Acrylic on canvas Year: 2026 Format: Portrait format (18 \u00d7 24 inches) Colour Space: Primary colours (red, blue, yellow), combined with black and earthy brown tones with subtle golden accents Stylistic Classification: Geometric-symbolist figuration with constructivist elements and [&hellip;]<\/p>\n","protected":false},"author":1,"featured_media":0,"parent":0,"menu_order":0,"comment_status":"closed","ping_status":"closed","template":"page-with-title","meta":{"footnotes":""},"class_list":["post-172","page","type-page","status-publish","hentry"],"aioseo_notices":[],"_links":{"self":[{"href":"https:\/\/miruart.info\/de\/wp-json\/wp\/v2\/pages\/172","targetHints":{"allow":["GET"]}}],"collection":[{"href":"https:\/\/miruart.info\/de\/wp-json\/wp\/v2\/pages"}],"about":[{"href":"https:\/\/miruart.info\/de\/wp-json\/wp\/v2\/types\/page"}],"author":[{"embeddable":true,"href":"https:\/\/miruart.info\/de\/wp-json\/wp\/v2\/users\/1"}],"replies":[{"embeddable":true,"href":"https:\/\/miruart.info\/de\/wp-json\/wp\/v2\/comments?post=172"}],"version-history":[{"count":10,"href":"https:\/\/miruart.info\/de\/wp-json\/wp\/v2\/pages\/172\/revisions"}],"predecessor-version":[{"id":321,"href":"https:\/\/miruart.info\/de\/wp-json\/wp\/v2\/pages\/172\/revisions\/321"}],"wp:attachment":[{"href":"https:\/\/miruart.info\/de\/wp-json\/wp\/v2\/media?parent=172"}],"curies":[{"name":"wp","href":"https:\/\/api.w.org\/{rel}","templated":true}]}}