{"id":170,"date":"2026-01-22T07:38:33","date_gmt":"2026-01-22T07:38:33","guid":{"rendered":"https:\/\/miruart.info\/?page_id=170"},"modified":"2026-02-01T10:22:14","modified_gmt":"2026-02-01T10:22:14","slug":"work-detail-crossroads","status":"publish","type":"page","link":"https:\/\/miruart.info\/de\/work-detail-crossroads\/","title":{"rendered":"DETAILANSICHT - Scheideweg"},"content":{"rendered":"<figure class=\"wp-block-image alignwide size-large\"><img loading=\"lazy\" decoding=\"async\" width=\"674\" height=\"1024\" src=\"https:\/\/miruart.info\/wp-content\/uploads\/2026\/01\/Singapura-9-2025-cut-1-674x1024.jpeg\" alt=\"\" class=\"wp-image-121\" srcset=\"https:\/\/miruart.info\/wp-content\/uploads\/2026\/01\/Singapura-9-2025-cut-1-674x1024.jpeg 674w, https:\/\/miruart.info\/wp-content\/uploads\/2026\/01\/Singapura-9-2025-cut-1-197x300.jpeg 197w, https:\/\/miruart.info\/wp-content\/uploads\/2026\/01\/Singapura-9-2025-cut-1-768x1167.jpeg 768w, https:\/\/miruart.info\/wp-content\/uploads\/2026\/01\/Singapura-9-2025-cut-1-1011x1536.jpeg 1011w, https:\/\/miruart.info\/wp-content\/uploads\/2026\/01\/Singapura-9-2025-cut-1-1348x2048.jpeg 1348w, https:\/\/miruart.info\/wp-content\/uploads\/2026\/01\/Singapura-9-2025-cut-1-8x12.jpeg 8w, https:\/\/miruart.info\/wp-content\/uploads\/2026\/01\/Singapura-9-2025-cut-1-scaled.jpeg 1685w\" sizes=\"auto, (max-width: 674px) 100vw, 674px\" \/><\/figure>\n\n\n\n<p><sub>Dieses Werk ist Teil eines fortlaufenden Zyklus, der sich mit den ambivalenten Zust\u00e4nden der heutigen Existenz besch\u00e4ftigt.<\/sub><\/p>\n\n\n\n<p><strong>Titel<\/strong> <em>Scheideweg<\/em><\/p>\n\n\n\n<p class=\" translation-block\"><strong>Technik:<\/strong> Acryl auf Leinwand<\/p>\n\n\n\n<p><strong>Jahr: <\/strong>2025<\/p>\n\n\n\n<p class=\" translation-block\"><strong>Format:<\/strong> Hochformat (24 \u00d7 36 Zoll)<\/p>\n\n\n\n<p class=\" translation-block\"><strong>Farbraum:<\/strong> Goldgelber Hintergrund mit kontrastreichen Fl\u00e4chen in Blau, Schwarz, Rot und Gr\u00fcn<\/p>\n\n\n\n<p class=\" translation-block\"><strong>Stilistische Einordnung:<\/strong> Geometrisch-symbolistische Figuration mit konstruktiven und surrealen Elementen<\/p>\n\n\n\n<p><\/p>\n\n\n\n<p class=\" translation-block\"><strong>\u201eScheideweg\u201c <\/strong>zeigt ein geteiltes menschliches Wesen zwischen Ordnung und Zerfall. Die linke Seite steht f\u00fcr Kontrolle und Gestaltung, die rechte f\u00fcr Fragmentierung und den Verlust von Orientierung.<\/p>\n\n\n\n<p class=\" translation-block\"><strong>Der Beherrscher seiner Sch\u00f6pfung<\/strong><br>In einer affirmativen Lesart erscheint der Mensch als souver\u00e4ner Sch\u00f6pfer seiner k\u00fcnstlichen Umwelt. Klare Formen und rhythmische Ordnung verweisen auf Technik, Architektur und abstraktes Denken als Mittel, die Welt zu strukturieren und beherrschbar zu machen. Das K\u00fcnstliche wirkt hier als Erweiterung menschlicher F\u00e4higkeiten.<\/p>\n\n\n\n<p class=\" translation-block\"><strong>Der Verlust von Kontrolle und Selbst<\/strong><br>Aus kritischer Perspektive kippt dieses Gleichgewicht. Ordnung zerf\u00e4llt, Identit\u00e4t wird br\u00fcchig, Systeme und Informationen \u00fcberfordern das Individuum. Die selbst geschaffene Struktur entzieht sich der Kontrolle, w\u00e4hrend alte Wertesysteme ihre Stabilit\u00e4t verlieren.<\/p>\n\n\n\n<p class=\" translation-block\"><strong>Konklusion<\/strong><br><em>Scheideweg<\/em> h\u00e4lt die Spannung zwischen Gestaltungsmacht und Kontrollverlust offen \u2013 als Ausdruck der  <em>Integrit\u00e4t von Ambivalenz<\/em>.<\/p>\n\n\n\n<p><a href=\"https:\/\/miruart.info\/galerie\">Zur\u00fcck zur Galerie<\/a><\/p>\n\n\n\n<p><\/p>","protected":false},"excerpt":{"rendered":"<p>This work is part of an ongoing cycle exploring ambivalent states of contemporary existence. Title: Crossroads Medium: Acrylic on canvas Year: 2025 Format: Portrait format (24 \u00d7 36 inches) Colour Space: Golden-yellow ground with high-contrast areas of blue, black, red and green Stylistic Classification: Geometric-symbolist figuration with constructive and surreal elements \u201eCrossroads\u201c depicts a divided [&hellip;]<\/p>\n","protected":false},"author":1,"featured_media":0,"parent":0,"menu_order":0,"comment_status":"closed","ping_status":"closed","template":"page-with-title","meta":{"footnotes":""},"class_list":["post-170","page","type-page","status-publish","hentry"],"aioseo_notices":[],"_links":{"self":[{"href":"https:\/\/miruart.info\/de\/wp-json\/wp\/v2\/pages\/170","targetHints":{"allow":["GET"]}}],"collection":[{"href":"https:\/\/miruart.info\/de\/wp-json\/wp\/v2\/pages"}],"about":[{"href":"https:\/\/miruart.info\/de\/wp-json\/wp\/v2\/types\/page"}],"author":[{"embeddable":true,"href":"https:\/\/miruart.info\/de\/wp-json\/wp\/v2\/users\/1"}],"replies":[{"embeddable":true,"href":"https:\/\/miruart.info\/de\/wp-json\/wp\/v2\/comments?post=170"}],"version-history":[{"count":4,"href":"https:\/\/miruart.info\/de\/wp-json\/wp\/v2\/pages\/170\/revisions"}],"predecessor-version":[{"id":318,"href":"https:\/\/miruart.info\/de\/wp-json\/wp\/v2\/pages\/170\/revisions\/318"}],"wp:attachment":[{"href":"https:\/\/miruart.info\/de\/wp-json\/wp\/v2\/media?parent=170"}],"curies":[{"name":"wp","href":"https:\/\/api.w.org\/{rel}","templated":true}]}}