{"id":164,"date":"2026-01-22T07:36:20","date_gmt":"2026-01-22T07:36:20","guid":{"rendered":"https:\/\/miruart.info\/?page_id=164"},"modified":"2026-02-01T08:51:41","modified_gmt":"2026-02-01T08:51:41","slug":"work-deatil-thoughts","status":"publish","type":"page","link":"https:\/\/miruart.info\/de\/work-deatil-thoughts\/","title":{"rendered":"DETAILANSICHT - Gedanken"},"content":{"rendered":"<figure class=\"wp-block-image alignwide size-large\"><img loading=\"lazy\" decoding=\"async\" width=\"764\" height=\"1024\" src=\"https:\/\/miruart.info\/wp-content\/uploads\/2025\/12\/Singapura-6-2025-cut-764x1024.jpg\" alt=\"\" class=\"wp-image-79\" srcset=\"https:\/\/miruart.info\/wp-content\/uploads\/2025\/12\/Singapura-6-2025-cut-764x1024.jpg 764w, https:\/\/miruart.info\/wp-content\/uploads\/2025\/12\/Singapura-6-2025-cut-224x300.jpg 224w, https:\/\/miruart.info\/wp-content\/uploads\/2025\/12\/Singapura-6-2025-cut-768x1029.jpg 768w, https:\/\/miruart.info\/wp-content\/uploads\/2025\/12\/Singapura-6-2025-cut-1146x1536.jpg 1146w, https:\/\/miruart.info\/wp-content\/uploads\/2025\/12\/Singapura-6-2025-cut-1529x2048.jpg 1529w, https:\/\/miruart.info\/wp-content\/uploads\/2025\/12\/Singapura-6-2025-cut-9x12.jpg 9w, https:\/\/miruart.info\/wp-content\/uploads\/2025\/12\/Singapura-6-2025-cut-scaled.jpg 1911w\" sizes=\"auto, (max-width: 764px) 100vw, 764px\" \/><\/figure>\n\n\n\n<p><sub>Dieses Werk ist Teil eines fortlaufenden Zyklus, der sich mit den ambivalenten Zust\u00e4nden der heutigen Existenz besch\u00e4ftigt.<\/sub><\/p>\n\n\n\n<p><strong>Titel<\/strong> <em>Gedanken<\/em><\/p>\n\n\n\n<p class=\" translation-block\"><strong>Technik:<\/strong> Acryl auf Leinwand<\/p>\n\n\n\n<p><strong>Jahr: <\/strong>2025<\/p>\n\n\n\n<p class=\" translation-block\"><strong>Format:<\/strong> Hochformat 18 \u00d7 24 Zoll<\/p>\n\n\n\n<p class=\" translation-block\"><strong>Farbraum:<\/strong> Das Bild entfaltet sich in einer Palette aus tiefem Schwarz, Beige, Ocker, Blau, kr\u00e4ftigem Gelb, Rot und Oranget\u00f6nen, organisiert in klaren geometrischen Farbfl\u00e4chen.<\/p>\n\n\n\n<p class=\" translation-block\"><strong>Stilistische Einordnung:<\/strong> Geometrisch-symbolistische Abstraktion mit kosmisch-energetischen und grafischen Elementen<\/p>\n\n\n\n<p><\/p>\n\n\n\n<p class=\" translation-block\"><strong>\u201eGedanken\u201c <\/strong>zeigt eine frontal dargestellte, stilisierte Figur, umgeben von schwebenden Zeichen in einem leuchtenden Feld. Das geteilte Gesicht und der bewegte Raum um den Kopf verweisen auf innere Denkprozesse.<\/p>\n\n\n\n<p><strong>Gedanken als Resonanz<\/strong><br>In einer affirmativen Lesart erscheint Bewusstsein als schwingender Prozess. Geschlossene Augen stehen f\u00fcr innere Ausrichtung, die schwebenden Formen f\u00fcr geistige Verbindungen. Blau und Rot verbinden Rationalit\u00e4t, Intuition und Gef\u00fchl. Der gelb-goldene Hintergrund betont eine spirituelle Dimension von Denken.<\/p>\n\n\n\n<p><strong>Gedanken als \u00dcberforderung<\/strong><br>Kritisch gelesen thematisiert das Werk mentale \u00dcberforderung. Die Vielzahl der Zeichen verweist auf die permanente Informationsflut der Gegenwart. \u00c4u\u00dfere Ruhe trifft auf innere Unruhe. Denken wird zum Zustand dauerhafter Aktivierung, in dem Balance fragil bleibt.<\/p>\n\n\n\n<p class=\" translation-block\"><strong>Konklusion<\/strong><br>Das Werk zeigt Bewusstsein zwischen Resonanz und \u00dcberforderung.\nEs folgt dem Prinzip der <em>Integrit\u00e4t von Ambivalenz<\/em>.<\/p>\n\n\n\n<p><a href=\"https:\/\/miruart.info\/galerie\">Zur\u00fcck zur Galerie<\/a><\/p>\n\n\n\n<p><\/p>","protected":false},"excerpt":{"rendered":"<p>This work is part of an ongoing cycle exploring ambivalent states of contemporary existence. Title: Thoughts Medium: Acrylic on canvas Year: 2025 Format: Portrait format (18 \u00d7 24 inches) Colour Space: A clear, high-contrast palette of blue, red, black, and a warm golden yellow Stylistic Classification: Geometric-symbolist abstraction with cosmic-energetic and graphic elements \u201eThoughts\u201c presents [&hellip;]<\/p>\n","protected":false},"author":1,"featured_media":0,"parent":0,"menu_order":0,"comment_status":"closed","ping_status":"closed","template":"page-with-title","meta":{"footnotes":""},"class_list":["post-164","page","type-page","status-publish","hentry"],"aioseo_notices":[],"_links":{"self":[{"href":"https:\/\/miruart.info\/de\/wp-json\/wp\/v2\/pages\/164","targetHints":{"allow":["GET"]}}],"collection":[{"href":"https:\/\/miruart.info\/de\/wp-json\/wp\/v2\/pages"}],"about":[{"href":"https:\/\/miruart.info\/de\/wp-json\/wp\/v2\/types\/page"}],"author":[{"embeddable":true,"href":"https:\/\/miruart.info\/de\/wp-json\/wp\/v2\/users\/1"}],"replies":[{"embeddable":true,"href":"https:\/\/miruart.info\/de\/wp-json\/wp\/v2\/comments?post=164"}],"version-history":[{"count":5,"href":"https:\/\/miruart.info\/de\/wp-json\/wp\/v2\/pages\/164\/revisions"}],"predecessor-version":[{"id":312,"href":"https:\/\/miruart.info\/de\/wp-json\/wp\/v2\/pages\/164\/revisions\/312"}],"wp:attachment":[{"href":"https:\/\/miruart.info\/de\/wp-json\/wp\/v2\/media?parent=164"}],"curies":[{"name":"wp","href":"https:\/\/api.w.org\/{rel}","templated":true}]}}