{"id":162,"date":"2026-01-22T07:35:44","date_gmt":"2026-01-22T07:35:44","guid":{"rendered":"https:\/\/miruart.info\/?page_id=162"},"modified":"2026-02-01T08:41:48","modified_gmt":"2026-02-01T08:41:48","slug":"work-detail-love","status":"publish","type":"page","link":"https:\/\/miruart.info\/de\/work-detail-love\/","title":{"rendered":"DETAILANSICHT - Liebe"},"content":{"rendered":"<figure class=\"wp-block-image alignwide size-large\"><img loading=\"lazy\" decoding=\"async\" width=\"764\" height=\"1024\" src=\"https:\/\/miruart.info\/wp-content\/uploads\/2026\/01\/Singapura-5-2025-cut-764x1024.jpg\" alt=\"\" class=\"wp-image-188\" srcset=\"https:\/\/miruart.info\/wp-content\/uploads\/2026\/01\/Singapura-5-2025-cut-764x1024.jpg 764w, https:\/\/miruart.info\/wp-content\/uploads\/2026\/01\/Singapura-5-2025-cut-224x300.jpg 224w, https:\/\/miruart.info\/wp-content\/uploads\/2026\/01\/Singapura-5-2025-cut-768x1029.jpg 768w, https:\/\/miruart.info\/wp-content\/uploads\/2026\/01\/Singapura-5-2025-cut-1146x1536.jpg 1146w, https:\/\/miruart.info\/wp-content\/uploads\/2026\/01\/Singapura-5-2025-cut-1528x2048.jpg 1528w, https:\/\/miruart.info\/wp-content\/uploads\/2026\/01\/Singapura-5-2025-cut-9x12.jpg 9w, https:\/\/miruart.info\/wp-content\/uploads\/2026\/01\/Singapura-5-2025-cut-scaled.jpg 1910w\" sizes=\"auto, (max-width: 764px) 100vw, 764px\" \/><\/figure>\n\n\n\n<p><sub>Dieses Werk ist Teil eines fortlaufenden Zyklus, der sich mit den ambivalenten Zust\u00e4nden der heutigen Existenz besch\u00e4ftigt.<\/sub><\/p>\n\n\n\n<p><strong>Titel<\/strong> <em>Liebe<\/em><\/p>\n\n\n\n<p class=\" translation-block\"><strong>Technik:<\/strong> Acryl auf Leinwand<\/p>\n\n\n\n<p><strong>Jahr: <\/strong>2025<\/p>\n\n\n\n<p class=\" translation-block\"><strong>Format:<\/strong> Hochformat 18 \u00d7 24 Zoll<\/p>\n\n\n\n<p><strong>Farbraum:<\/strong> Erdt\u00f6ne, Gr\u00fcn, Rot, Orange, Akzente in Schwarz und Kupfer<\/p>\n\n\n\n<p><strong>Stilistische Einordnung:<\/strong> Konkrete Malerei \/ Symbolisch-geometrische Abstraktion<\/p>\n\n\n\n<p><\/p>\n\n\n\n<p class=\" translation-block\"><strong>\u201eLiebe\u201c <\/strong>ist in drei Ebenen gegliedert und zeigt zwei Partner, deren Beziehung sich von unten nach oben entwickelt.<\/p>\n\n\n\n<p class=\" translation-block\"><strong>Liebe als romantische Entwicklung<\/strong><br>In einer affirmativen Lesart werden Geometrie, Farbe und Struktur zu Tr\u00e4gern einer emotionalen Geschichte. Von vorsichtiger Ann\u00e4herung \u00fcber spannungsreiche Auseinandersetzung in der mittleren Zone bis zur reifen Verbundenheit sind die Formen Teil eines gemeinsamen Gef\u00fcges. Oben entsteht ein ruhiges Gleichgewicht: N\u00e4he wirkt nun selbstverst\u00e4ndlich.<\/p>\n\n\n\n<p class=\" translation-block\"><strong>Liebe als Konstruktion<\/strong><br>Aus kritischer Perspektive macht die geometrische Ordnung sichtbar, dass selbst im Gleichgewicht keine Einheit entsteht. Die Formen ber\u00fchren sich, \u00fcberlagern sich teilweise, bleiben jedoch unterscheidbar. Das Werk betont damit, dass Beziehung immer zwei Leben umfasst. Liebe bedeutet hier nicht die Aufgabe des Selbst, sondern das dauerhafte Aushandeln von N\u00e4he bei gleichzeitiger Wahrung der individuellen Identit\u00e4t.<\/p>\n\n\n\n<p><strong>Konklusion<\/strong><br><strong>Konklusion<\/strong><br>Liebe zeigt Beziehung zwischen Gef\u00fchl und Struktur, romantischer Sehnsucht und allt\u00e4glicher Arbeit.\nDer innere Konflikt liegt nicht im Entweder-Oder, sondern in ihrer gleichzeitigen Existenz.<\/p>\n\n\n\n<p><a href=\"https:\/\/miruart.info\/galerie\">Zur\u00fcck zur Galerie<\/a><\/p>\n\n\n\n<p><\/p>","protected":false},"excerpt":{"rendered":"<p>This work is part of an ongoing cycle exploring ambivalent states of contemporary existence. Title: Love Medium: Acrylic on canvas Year: 2025 Format: Portrait format (18 \u00d7 24 inches) Colour Space: Earth tones, green, red, and orange, with accents in black and copper Stylistic Classification: Concrete painting \/ symbolic-geometric abstraction \u201eLove\u201c is structured into three [&hellip;]<\/p>\n","protected":false},"author":1,"featured_media":0,"parent":0,"menu_order":0,"comment_status":"closed","ping_status":"closed","template":"page-with-title","meta":{"footnotes":""},"class_list":["post-162","page","type-page","status-publish","hentry"],"aioseo_notices":[],"_links":{"self":[{"href":"https:\/\/miruart.info\/de\/wp-json\/wp\/v2\/pages\/162","targetHints":{"allow":["GET"]}}],"collection":[{"href":"https:\/\/miruart.info\/de\/wp-json\/wp\/v2\/pages"}],"about":[{"href":"https:\/\/miruart.info\/de\/wp-json\/wp\/v2\/types\/page"}],"author":[{"embeddable":true,"href":"https:\/\/miruart.info\/de\/wp-json\/wp\/v2\/users\/1"}],"replies":[{"embeddable":true,"href":"https:\/\/miruart.info\/de\/wp-json\/wp\/v2\/comments?post=162"}],"version-history":[{"count":5,"href":"https:\/\/miruart.info\/de\/wp-json\/wp\/v2\/pages\/162\/revisions"}],"predecessor-version":[{"id":311,"href":"https:\/\/miruart.info\/de\/wp-json\/wp\/v2\/pages\/162\/revisions\/311"}],"wp:attachment":[{"href":"https:\/\/miruart.info\/de\/wp-json\/wp\/v2\/media?parent=162"}],"curies":[{"name":"wp","href":"https:\/\/api.w.org\/{rel}","templated":true}]}}