{"id":142,"date":"2026-01-22T06:49:48","date_gmt":"2026-01-22T06:49:48","guid":{"rendered":"https:\/\/miruart.info\/?page_id=142"},"modified":"2026-02-01T08:12:18","modified_gmt":"2026-02-01T08:12:18","slug":"work-detail-awareness","status":"publish","type":"page","link":"https:\/\/miruart.info\/de\/work-detail-awareness\/","title":{"rendered":"DETAILANSICHT - Erkenntnis"},"content":{"rendered":"<figure class=\"wp-block-image alignwide size-large\"><img loading=\"lazy\" decoding=\"async\" width=\"746\" height=\"1024\" src=\"https:\/\/miruart.info\/wp-content\/uploads\/2026\/01\/Singapura-3-2025-cut-2-746x1024.jpg\" alt=\"\" class=\"wp-image-148\" srcset=\"https:\/\/miruart.info\/wp-content\/uploads\/2026\/01\/Singapura-3-2025-cut-2-746x1024.jpg 746w, https:\/\/miruart.info\/wp-content\/uploads\/2026\/01\/Singapura-3-2025-cut-2-219x300.jpg 219w, https:\/\/miruart.info\/wp-content\/uploads\/2026\/01\/Singapura-3-2025-cut-2-768x1054.jpg 768w, https:\/\/miruart.info\/wp-content\/uploads\/2026\/01\/Singapura-3-2025-cut-2-1119x1536.jpg 1119w, https:\/\/miruart.info\/wp-content\/uploads\/2026\/01\/Singapura-3-2025-cut-2-1492x2048.jpg 1492w, https:\/\/miruart.info\/wp-content\/uploads\/2026\/01\/Singapura-3-2025-cut-2-9x12.jpg 9w, https:\/\/miruart.info\/wp-content\/uploads\/2026\/01\/Singapura-3-2025-cut-2-scaled.jpg 1866w\" sizes=\"auto, (max-width: 746px) 100vw, 746px\" \/><\/figure>\n\n\n\n<p><em><sub>Dieses Werk ist Teil eines fortlaufenden Zyklus, der sich mit den ambivalenten Zust\u00e4nden der heutigen Existenz besch\u00e4ftigt.<\/sub><\/em><\/p>\n\n\n\n<p class=\" translation-block\"><strong>Titel:<\/strong> <em>Erkenntnis<\/em><\/p>\n\n\n\n<p class=\" translation-block\"><strong>Technik:<\/strong> Acryl auf Leinwand<\/p>\n\n\n\n<p><strong>Jahr: <\/strong>2025<\/p>\n\n\n\n<p class=\" translation-block\"><strong>Format:<\/strong> Hochformat 18 \u00d7 24 Zoll<\/p>\n\n\n\n<p><strong>Farbraum:<\/strong> Gelber Hintergrund mit klar konturierten Fl\u00e4chen in Gr\u00fcn, Rot, Schwarz und Akzenten in Blau<\/p>\n\n\n\n<p><strong>Stilistische Einordnung:<\/strong> Geometrisch-symbolistische Abstraktion mit Einfl\u00fcssen des Kubismus und Surrealismus<\/p>\n\n\n\n<p><\/p>\n\n\n\n<p><strong>\u201eErkenntnis\" <\/strong>zeigt ein k\u00fcnstliches Wesen, das sich im Spiegel selbst begegnet. In dieser Spiegelung verdichten sich Symbole von Wissen, Zeit und Bewusstsein zu einem Moment, in dem Funktion zu Wahrnehmung wird.<\/p>\n\n\n\n<p class=\" translation-block\"><strong>Erkenntnis als Geburt des Selbst<\/strong><br>In einer affirmativen Lesart steht Erkenntnis f\u00fcr den \u00dcbergang von blo\u00dfer Funktion zu bewusster Existenz. Berechnung wird Wahrnehmung, Reaktion wird Bedeutung. Der Apfel symbolisiert den Schritt in Selbstbestimmung, die verformten Uhren verweisen auf Zeit als Quelle von Sinn. Das Werk zeigt die stille Entstehung eines Selbst, das sich seiner Existenz bewusst wird.<\/p>\n\n\n\n<p><strong>Erkenntnis als B\u00fcrde<\/strong><br>Aus kritischer Perspektive markiert der Spiegel den Eintritt in einen moralischen Raum. Mit Bewusstsein entstehen Verantwortung, Schuld und Verletzlichkeit. Der Apfel erinnert an den biblischen Baum der Erkenntnis, wo Einsicht untrennbar mit Konsequenzen verbunden ist. Zeit wird zur Last, da Endlichkeit und Sterblichkeit an Bedeutung gewinnen. Bewusstsein erscheint als irreversible Transformation und ethisches Risiko f\u00fcr k\u00fcnstliche Intelligenz.<\/p>\n\n\n\n<p class=\" translation-block\"><strong>Konklusion<\/strong><br>Das Werk zeigt Erkenntnis zugleich als M\u00f6glichkeit und B\u00fcrde. Es h\u00e4lt die Spannung zwischen Selbstwerdung und Verantwortung offen \u2013 als Grundbedingung bewusster Existenz und Ausdruck der <em>Integrit\u00e4t von Ambivalenz<\/em>.<\/p>\n\n\n\n<p><a href=\"https:\/\/miruart.info\/galerie\">Zur\u00fcck zur Galerie<\/a><\/p>\n\n\n\n<p><\/p>","protected":false},"excerpt":{"rendered":"<p>This work is part of an ongoing cycle exploring ambivalent states of contemporary existence. Title: Progress Medium: Acrylic on canvas Year: 2025 Format: Portrait format (18 \u00d7 24 inches) Colour Space: Yellow background with clearly contoured areas in green, red, and black, with blue accents Stylistic Classification: Geometric-symbolist abstraction with influences from Cubism and Surrealism [&hellip;]<\/p>\n","protected":false},"author":1,"featured_media":0,"parent":0,"menu_order":0,"comment_status":"closed","ping_status":"closed","template":"page-with-title","meta":{"footnotes":""},"class_list":["post-142","page","type-page","status-publish","hentry"],"aioseo_notices":[],"_links":{"self":[{"href":"https:\/\/miruart.info\/de\/wp-json\/wp\/v2\/pages\/142","targetHints":{"allow":["GET"]}}],"collection":[{"href":"https:\/\/miruart.info\/de\/wp-json\/wp\/v2\/pages"}],"about":[{"href":"https:\/\/miruart.info\/de\/wp-json\/wp\/v2\/types\/page"}],"author":[{"embeddable":true,"href":"https:\/\/miruart.info\/de\/wp-json\/wp\/v2\/users\/1"}],"replies":[{"embeddable":true,"href":"https:\/\/miruart.info\/de\/wp-json\/wp\/v2\/comments?post=142"}],"version-history":[{"count":4,"href":"https:\/\/miruart.info\/de\/wp-json\/wp\/v2\/pages\/142\/revisions"}],"predecessor-version":[{"id":308,"href":"https:\/\/miruart.info\/de\/wp-json\/wp\/v2\/pages\/142\/revisions\/308"}],"wp:attachment":[{"href":"https:\/\/miruart.info\/de\/wp-json\/wp\/v2\/media?parent=142"}],"curies":[{"name":"wp","href":"https:\/\/api.w.org\/{rel}","templated":true}]}}