{"id":100,"date":"2025-12-23T09:03:52","date_gmt":"2025-12-23T09:03:52","guid":{"rendered":"https:\/\/miruart.info\/?page_id=100"},"modified":"2026-01-30T12:41:37","modified_gmt":"2026-01-30T12:41:37","slug":"work-detail-page","status":"publish","type":"page","link":"https:\/\/miruart.info\/de\/work-detail-page\/","title":{"rendered":"DETAILANSICHT \u2013 Fortschritt"},"content":{"rendered":"<figure class=\"wp-block-image alignwide size-large\"><img loading=\"lazy\" decoding=\"async\" width=\"762\" height=\"1024\" src=\"https:\/\/miruart.info\/wp-content\/uploads\/2025\/12\/Singapura-1-2025-cut-762x1024.jpeg\" alt=\"\" class=\"wp-image-74\" srcset=\"https:\/\/miruart.info\/wp-content\/uploads\/2025\/12\/Singapura-1-2025-cut-762x1024.jpeg 762w, https:\/\/miruart.info\/wp-content\/uploads\/2025\/12\/Singapura-1-2025-cut-223x300.jpeg 223w, https:\/\/miruart.info\/wp-content\/uploads\/2025\/12\/Singapura-1-2025-cut-768x1032.jpeg 768w, https:\/\/miruart.info\/wp-content\/uploads\/2025\/12\/Singapura-1-2025-cut-1143x1536.jpeg 1143w, https:\/\/miruart.info\/wp-content\/uploads\/2025\/12\/Singapura-1-2025-cut-1524x2048.jpeg 1524w, https:\/\/miruart.info\/wp-content\/uploads\/2025\/12\/Singapura-1-2025-cut-9x12.jpeg 9w, https:\/\/miruart.info\/wp-content\/uploads\/2025\/12\/Singapura-1-2025-cut-scaled.jpeg 1906w\" sizes=\"auto, (max-width: 762px) 100vw, 762px\" \/><\/figure>\n\n\n\n<p><sub>Dieses Werk ist Teil eines fortlaufenden Zyklus, der sich mit den ambivalenten Zust\u00e4nden der heutigen Existenz besch\u00e4ftigt.<\/sub><\/p>\n\n\n\n<p class=\" translation-block\"><strong>Titel:<\/strong> <em>Erkenntnis<\/em><\/p>\n\n\n\n<p class=\" translation-block\"><strong>Technik:<\/strong> Acryl auf Leinwand<\/p>\n\n\n\n<p><strong>Jahr: <\/strong>2025<\/p>\n\n\n\n<p class=\" translation-block\"><strong>Format:<\/strong> Hochformat 18 \u00d7 24 Zoll<\/p>\n\n\n\n<p class=\" translation-block\"><strong>Farbraum:<\/strong> : Prim\u00e4rfarben (Rot, Blau, Gelb) erg\u00e4nzt durch Gr\u00fcn, Schwarz und Beige<\/p>\n\n\n\n<p class=\" translation-block\"><strong>Stilistische Einordnung:<\/strong>  Geometrisch-abstrakte Komposition mit konstruktivistischen und surrealistischen Elementen<\/p>\n\n\n\n<p><\/p>\n\n\n\n<p class=\" translation-block\"><strong>\u201eFortschritt\u201c <\/strong>zeigt eine farbenfrohe, kristalline Wolke, die aus einem Industriegeb\u00e4ude aufsteigt und geometrische Formen, Fragmente der Natur und ein zentrales Auge zu einer Szene zwischen Konsumkultur, konstruierter Ordnung und der nat\u00fcrlichen Welt verbindet.<\/p>\n\n\n\n<p class=\" translation-block\"><strong>Fortschritt als Versprechen<\/strong><br>In einer affirmativen Interpretation symbolisiert die Wolke menschliche Kreativit\u00e4t und Innovation. Ihre leuchtenden Farben und klare Geometrie erinnern an die gestalteten Oberfl\u00e4chen zeitgen\u00f6ssischer Produkte und zelebrieren Fantasie, Auswahlm\u00f6glichkeiten und die Anziehungskraft von Neuheiten. Fortschritt erscheint als offener Prozess, in dem Bewusstsein, Gestaltung und Verantwortung miteinander verbunden bleiben.<\/p>\n\n\n\n<p class=\" translation-block\"><strong>Fortschritt als Verdr\u00e4ngung<\/strong><br>Aus kritischer Sicht wird die Cloud zu einer Metapher f\u00fcr Emissionen und versteckte Kosten. Was leicht und verlockend erscheint, hat seinen Ursprung in der Industrie, w\u00e4hrend die Natur fragmentiert und verletzlich wirkt. Das Bewusstsein daf\u00fcr ist vorhanden, wird jedoch oft von Bequemlichkeit und Konsum \u00fcberlagert.<\/p>\n\n\n\n<p class=\" translation-block\"><strong>Konklusion<\/strong><br>Das Werk bewegt sich zwischen Versprechen und Verdr\u00e4ngung und l\u00e4sst die Spannung zwischen Sch\u00f6pfung, Konsum und Verantwortung ungel\u00f6st \u2013 getreu der Integrit\u00e4t der Ambivalenz.<\/p>\n\n\n\n<p><a href=\"https:\/\/miruart.info\/galerie\">Zur\u00fcck zur Galerie<\/a><\/p>\n\n\n\n<p><\/p>","protected":false},"excerpt":{"rendered":"<p>This work is part of an ongoing cycle exploring ambivalent states of contemporary existence. Title: Progress Medium: Acrylic on canvas Year: 2025 Format: Portrait format (18 \u00d7 24 inches) Colour Space: Primary colours (red, blue, yellow), complemented by green, black, and beige Stylistic Classification: Geometric abstract composition with constructivist and surrealist elements \u201eProgress\u201c depicts a [&hellip;]<\/p>\n","protected":false},"author":1,"featured_media":0,"parent":0,"menu_order":0,"comment_status":"closed","ping_status":"closed","template":"page-with-title","meta":{"footnotes":""},"class_list":["post-100","page","type-page","status-publish","hentry"],"aioseo_notices":[],"_links":{"self":[{"href":"https:\/\/miruart.info\/de\/wp-json\/wp\/v2\/pages\/100","targetHints":{"allow":["GET"]}}],"collection":[{"href":"https:\/\/miruart.info\/de\/wp-json\/wp\/v2\/pages"}],"about":[{"href":"https:\/\/miruart.info\/de\/wp-json\/wp\/v2\/types\/page"}],"author":[{"embeddable":true,"href":"https:\/\/miruart.info\/de\/wp-json\/wp\/v2\/users\/1"}],"replies":[{"embeddable":true,"href":"https:\/\/miruart.info\/de\/wp-json\/wp\/v2\/comments?post=100"}],"version-history":[{"count":7,"href":"https:\/\/miruart.info\/de\/wp-json\/wp\/v2\/pages\/100\/revisions"}],"predecessor-version":[{"id":303,"href":"https:\/\/miruart.info\/de\/wp-json\/wp\/v2\/pages\/100\/revisions\/303"}],"wp:attachment":[{"href":"https:\/\/miruart.info\/de\/wp-json\/wp\/v2\/media?parent=100"}],"curies":[{"name":"wp","href":"https:\/\/api.w.org\/{rel}","templated":true}]}}