{"id":366,"date":"2026-03-16T06:32:28","date_gmt":"2026-03-16T06:32:28","guid":{"rendered":"https:\/\/miruart.info\/?page_id=366"},"modified":"2026-03-16T07:48:58","modified_gmt":"2026-03-16T07:48:58","slug":"why-art-is-needed","status":"publish","type":"page","link":"http:\/\/miruart.info\/de\/why-art-is-needed\/","title":{"rendered":"Warum Kunst notwendig ist"},"content":{"rendered":"<div class=\"wp-block-group has-global-padding is-layout-constrained wp-block-group-is-layout-constrained\">\n<p><\/p>\n\n\n\n<p class=\"has-text-align-center\"><strong>Warum brauchen wir Kunst?<\/strong><\/p>\n\n\n\n<p class=\"has-text-align-left\">Sie l\u00f6st kein praktisches Problem. Sie macht nichts schneller, effizienter oder produktiver. Und doch begleitet die Kunst die Menschheit seit ihren fr\u00fchesten Anf\u00e4ngen.<br>H\u00f6hlenmalereien, Musik, Tanz und das Erz\u00e4hlen von Geschichten geh\u00f6ren zu den \u00e4ltesten Formen des kulturellen Ausdrucks. Dinge, die kultur- und epochen\u00fcbergreifend vorkommen, erf\u00fcllen in der Regel ein grundlegendes menschliches Bed\u00fcrfnis. Kunst ist daher kein Luxus moderner Gesellschaften, sondern ein Teil dessen, was uns zu Menschen macht.<br>In vielen Lebensbereichen l\u00e4sst sich der Wert einer Sache leicht erkennen. Der Nutzen ist offensichtlich, der Zweck klar.<br>Bei der Kunst scheint es oft anders zu sein. Was genau bewirkt ein Gem\u00e4lde? Was erreicht ein Gedicht? Warum brauchen wir Musik, die kein praktisches Problem l\u00f6st?<br>Vielleicht liegt dieser Frage bereits ein Missverst\u00e4ndnis zugrunde.<br>Viele der Dinge, die unser Leben wirklich pr\u00e4gen, lassen sich weder messen noch optimieren: Gef\u00fchle, Erinnerungen, Beziehungen, Erfahrungen. Sie folgen keiner Logik der Effizienz, und doch sind sie es oft, die unserem Leben Sinn geben.<br>Genau in diesem Bereich existiert die Kunst. Sie lenkt unsere Aufmerksamkeit auf das, was im Alltag leicht \u00fcbersehen wird \u2013 nicht indem sie L\u00f6sungen anbietet, sondern indem sie unsere Sichtweise ver\u00e4ndert.<\/p>\n\n\n\n<p class=\"has-text-align-center\"><strong>\u201eDas Wesen der Kunst besteht nicht darin, die \u00e4u\u00dfere Erscheinung der Dinge darzustellen, sondern ihre innere Bedeutung.\u201c <\/strong>\u2013 Aristoteles<\/p>\n\n\n\n<p class=\"has-text-align-left\"><br>Manche Kunstwerke wirken auf den ersten Blick zug\u00e4nglich. Sie rufen vielleicht eine bestimmte Stimmung hervor oder sprechen uns instinktiv an. Ihre wahre St\u00e4rke liegt jedoch oft darin, dass sie sich nicht auf den ersten Blick offenbaren. Sie er\u00f6ffnen Denkr\u00e4ume, in denen sich im Laufe der Zeit neue Bedeutungen, Fragen und Interpretationen entfalten k\u00f6nnen.<br>Vielleicht ist das auch der Grund, warum Kunst ihren festen Platz in einer Welt hat, die zunehmend von Effizienz gepr\u00e4gt ist. Technologien beschleunigen Prozesse, Algorithmen verbessern Entscheidungen, Systeme werden immer weiter optimiert.<br>Doch die Frage, was unser Leben wirklich ausmacht, entzieht sich der Logik der Optimierung.<br>W\u00e4hrend die Technologie die Welt ver\u00e4ndert, hilft uns die Kunst zu verstehen, was diese Ver\u00e4nderungen f\u00fcr uns bedeuten.<br>Ein gutes Kunstwerk liefert selten eine einfache Antwort. Stattdessen er\u00f6ffnet es eine neue Perspektive. Darin liegt seine St\u00e4rke: Es regt uns dazu an, anders zu sehen \u2013 und vielleicht auch anders zu denken.<br>Denn manchmal ver\u00e4ndert sich unser Verst\u00e4ndnis der Welt nicht durch Antworten, sondern in dem Moment, in dem wir anfangen, andere Fragen zu stellen.<\/p>\n\n\n\n<p class=\"has-text-align-center\"><strong>\u201eDie Aufgabe des K\u00fcnstlers besteht stets darin, das Mysteri\u00f6se zu vertiefen.\u201c <\/strong>&#8211; Francis Bacon<\/p>\n\n\n\n<p class=\"has-text-align-center\"><\/p>\n\n\n\n<p class=\"has-text-align-center\"><a href=\"https:\/\/miruart.info\/start\" title=\"\">Zur\u00fcck zur Startseite<\/a><\/p>\n\n\n\n<p class=\"has-text-align-center\"><\/p>\n<\/div>","protected":false},"excerpt":{"rendered":"<p>Why do we need art? It solves no practical problem. It does not make anything faster, more efficient or more productive. And yet art has accompanied humanity since its earliest beginnings.Cave paintings, music, dance and storytelling are among the oldest forms of cultural expression. Things that appear across cultures and throughout history usually fulfill a [&hellip;]<\/p>\n","protected":false},"author":1,"featured_media":0,"parent":0,"menu_order":0,"comment_status":"closed","ping_status":"closed","template":"page-with-title","meta":{"footnotes":""},"class_list":["post-366","page","type-page","status-publish","hentry"],"aioseo_notices":[],"_links":{"self":[{"href":"http:\/\/miruart.info\/de\/wp-json\/wp\/v2\/pages\/366","targetHints":{"allow":["GET"]}}],"collection":[{"href":"http:\/\/miruart.info\/de\/wp-json\/wp\/v2\/pages"}],"about":[{"href":"http:\/\/miruart.info\/de\/wp-json\/wp\/v2\/types\/page"}],"author":[{"embeddable":true,"href":"http:\/\/miruart.info\/de\/wp-json\/wp\/v2\/users\/1"}],"replies":[{"embeddable":true,"href":"http:\/\/miruart.info\/de\/wp-json\/wp\/v2\/comments?post=366"}],"version-history":[{"count":6,"href":"http:\/\/miruart.info\/de\/wp-json\/wp\/v2\/pages\/366\/revisions"}],"predecessor-version":[{"id":379,"href":"http:\/\/miruart.info\/de\/wp-json\/wp\/v2\/pages\/366\/revisions\/379"}],"wp:attachment":[{"href":"http:\/\/miruart.info\/de\/wp-json\/wp\/v2\/media?parent=366"}],"curies":[{"name":"wp","href":"https:\/\/api.w.org\/{rel}","templated":true}]}}