{"id":30,"date":"2025-12-22T12:41:48","date_gmt":"2025-12-22T12:41:48","guid":{"rendered":"https:\/\/miruart.info\/start\/"},"modified":"2026-03-16T07:30:50","modified_gmt":"2026-03-16T07:30:50","slug":"start","status":"publish","type":"page","link":"http:\/\/miruart.info\/de\/","title":{"rendered":"Start"},"content":{"rendered":"<div class=\"wp-block-group alignfull is-style-ext-preset--group--natural-1--section has-background-background-color has-background has-global-padding is-layout-constrained wp-container-core-group-is-layout-ebc3d855 wp-block-group-is-layout-constrained is-style-ext-preset--group--natural-1--section--1\" style=\"margin-top:0;margin-bottom:0;padding-top:0;padding-bottom:var(--wp--preset--spacing--70)\">\n<div class=\"wp-block-cover alignfull is-light\" style=\"min-height:25vh;aspect-ratio:unset;\"><img loading=\"lazy\" decoding=\"async\" width=\"1536\" height=\"1024\" class=\"wp-block-cover__image-background wp-image-204 size-full\" alt=\"\" src=\"https:\/\/miruart.info\/wp-content\/uploads\/2026\/01\/Ansicht-Galerie-3.png\" data-object-fit=\"cover\"\/><span aria-hidden=\"true\" class=\"wp-block-cover__background has-background-dim-0 has-background-dim\" style=\"background-color:#a8a3a4\"><\/span><div class=\"wp-block-cover__inner-container is-layout-flow wp-block-cover-is-layout-flow\">\n<div style=\"height:359px\" aria-hidden=\"true\" class=\"wp-block-spacer\"><\/div>\n<\/div><\/div>\n\n\n\n<div class=\"wp-block-group alignwide is-vertical is-content-justification-center is-layout-flex wp-container-core-group-is-layout-c9ee0c5a wp-block-group-is-layout-flex\">\n<div class=\"wp-block-group has-global-padding is-layout-constrained wp-container-core-group-is-layout-2287c683 wp-block-group-is-layout-constrained\">\n<h1 class=\"wp-block-heading alignwide has-text-align-center\"><strong>Integrit\u00e4t von Ambivalenz<\/strong><\/h1>\n\n\n\n<p class=\"has-text-align-center\"><strong>Zeitgen\u00f6ssische Malerei zwischen Architektur und Bewusstsein<\/strong><\/p>\n\n\n\n<p class=\"has-text-align-center translation-block\">M\u00edr\u016d entwickelt eine symbolisch-geometrische Malpraxis, die Ambivalenz als integrale Bedingung zeitgen\u00f6ssischer Existenz untersucht. Seine Arbeiten verbinden geometrische Klarheit mit philosophischer Fragestellung und halten widerspr\u00fcchliche Zust\u00e4nde bewusst offen.<br>\nIm Mittelpunkt seiner Arbeit steht das Konzept der <strong>Integrit\u00e4t von Ambivalenz<\/strong>. M\u00edr\u016d versteht Ambivalenz nicht als Widerspruch, sondern als eine tragf\u00e4hige Bedingung zeitgen\u00f6ssischer Existenz. Seine Malerei verhandelt Spannungen wie Natur und Urbanit\u00e4t, Rationalit\u00e4t und Transzendenz, Mensch und Maschine \u2013 nicht hierarchisch, sondern als gleichwertige Kr\u00e4fte innerhalb eines komplexen Systems.<\/p>\n<\/div>\n\n\n\n<div class=\"wp-block-buttons is-content-justification-center is-layout-flex wp-container-core-buttons-is-layout-a89b3969 wp-block-buttons-is-layout-flex\">\n<div class=\"wp-block-button is-style-ext-preset--button--natural-1--button-1 is-style-ext-preset--button--natural-1--button-1--2\"><a class=\"wp-block-button__link wp-element-button\" href=\"https:\/\/miruart.info\/ueber\">\u00dcber M\u00edru<\/a><\/div>\n\n\n\n<div class=\"wp-block-button is-style-ext-preset--button--natural-1--button-1 is-style-ext-preset--button--natural-1--button-1--3\"><a class=\"wp-block-button__link wp-element-button\" href=\"https:\/\/miruart.info\/galerie\">Galerie<\/a><\/div>\n\n\n\n<div class=\"wp-block-button is-style-ext-preset--button--natural-1--button-1 is-style-ext-preset--button--natural-1--button-1--4\"><a class=\"wp-block-button__link wp-element-button\" href=\"http:\/\/miruart.info\/why art is needed\">Warum Kunst<\/a><\/div>\n<\/div>\n<\/div>\n<\/div>","protected":false},"excerpt":{"rendered":"<p>Integrity of Ambivalence Contemporary Painting between Architecture &amp; Consciousness M\u00edr\u016d develops a symbolic-geometric painting practice exploring ambivalence as an integral condition of contemporary existence. His work combines geometric clarity with philosophical quests. It deliberately holds contradictory states open.At the core of his work lies the concept of Integrity of Ambivalence. M\u00edr\u016d understands ambivalence not as [&hellip;]<\/p>\n","protected":false},"author":1,"featured_media":0,"parent":0,"menu_order":0,"comment_status":"closed","ping_status":"closed","template":"no-title","meta":{"footnotes":""},"class_list":["post-30","page","type-page","status-publish","hentry"],"aioseo_notices":[],"_links":{"self":[{"href":"http:\/\/miruart.info\/de\/wp-json\/wp\/v2\/pages\/30","targetHints":{"allow":["GET"]}}],"collection":[{"href":"http:\/\/miruart.info\/de\/wp-json\/wp\/v2\/pages"}],"about":[{"href":"http:\/\/miruart.info\/de\/wp-json\/wp\/v2\/types\/page"}],"author":[{"embeddable":true,"href":"http:\/\/miruart.info\/de\/wp-json\/wp\/v2\/users\/1"}],"replies":[{"embeddable":true,"href":"http:\/\/miruart.info\/de\/wp-json\/wp\/v2\/comments?post=30"}],"version-history":[{"count":24,"href":"http:\/\/miruart.info\/de\/wp-json\/wp\/v2\/pages\/30\/revisions"}],"predecessor-version":[{"id":377,"href":"http:\/\/miruart.info\/de\/wp-json\/wp\/v2\/pages\/30\/revisions\/377"}],"wp:attachment":[{"href":"http:\/\/miruart.info\/de\/wp-json\/wp\/v2\/media?parent=30"}],"curies":[{"name":"wp","href":"https:\/\/api.w.org\/{rel}","templated":true}]}}